{"id":1014,"date":"2025-07-01T17:13:40","date_gmt":"2025-07-01T15:13:40","guid":{"rendered":"https:\/\/helisa.fr\/?page_id=1014"},"modified":"2025-07-03T11:20:40","modified_gmt":"2025-07-03T09:20:40","slug":"packaging","status":"publish","type":"page","link":"https:\/\/helisa.fr\/index.php\/packaging\/","title":{"rendered":"Packaging"},"content":{"rendered":"\t\t<div data-elementor-type=\"wp-page\" data-elementor-id=\"1014\" class=\"elementor elementor-1014\">\n\t\t\t\t<div class=\"elementor-element elementor-element-c067922 e-flex e-con-boxed e-con e-parent\" data-id=\"c067922\" data-element_type=\"container\" data-e-type=\"container\">\n\t\t\t\t\t<div class=\"e-con-inner\">\n\t\t\t\t<div class=\"elementor-element elementor-element-5dfa757 elementor-widget__width-inherit elementor-widget-mobile__width-inherit elementor-widget elementor-widget-text-editor\" data-id=\"5dfa757\" data-element_type=\"widget\" data-e-type=\"widget\" data-widget_type=\"text-editor.default\">\n\t\t\t\t<div class=\"elementor-widget-container\">\n\t\t\t\t\t\t\t\t\t<h2>Packaging<\/h2>\t\t\t\t\t\t\t\t<\/div>\n\t\t\t\t<\/div>\n\t\t\t\t<div class=\"elementor-element elementor-element-3279b78 elementor-widget elementor-widget-text-editor\" data-id=\"3279b78\" data-element_type=\"widget\" data-e-type=\"widget\" data-widget_type=\"text-editor.default\">\n\t\t\t\t<div class=\"elementor-widget-container\">\n\t\t\t\t\t\t\t\t\t<h6><span class=\"highlight\">Branding<\/span> <span class=\"highlight-rose\">Logotype<\/span><\/h6>\t\t\t\t\t\t\t\t<\/div>\n\t\t\t\t<\/div>\n\t\t\t\t<div class=\"elementor-element elementor-element-1573d8f elementor-widget-mobile__width-inherit elementor-widget elementor-widget-text-editor\" data-id=\"1573d8f\" data-element_type=\"widget\" data-e-type=\"widget\" data-widget_type=\"text-editor.default\">\n\t\t\t\t<div class=\"elementor-widget-container\">\n\t\t\t\t\t\t\t\t\t<p>Cr\u00e9ation de packaging et collaboration avec le bureau d&rsquo;\u00e9tudes pour la conception des packagings pour Mauco-Cartex.<br \/>Impression num\u00e9rique et flexographie<\/p>\t\t\t\t\t\t\t\t<\/div>\n\t\t\t\t<\/div>\n\t\t\t\t<div class=\"elementor-element elementor-element-1bb33b6 elementor-widget elementor-widget-image\" data-id=\"1bb33b6\" data-element_type=\"widget\" data-e-type=\"widget\" data-widget_type=\"image.default\">\n\t\t\t\t<div class=\"elementor-widget-container\">\n\t\t\t\t\t\t\t\t\t\t\t\t\t\t\t<img decoding=\"async\" width=\"150\" height=\"134\" src=\"https:\/\/helisa.fr\/wp-content\/uploads\/2025\/06\/logiciel-36-150x134.png\" class=\"attachment-thumbnail size-thumbnail wp-image-672\" alt=\"\" \/>\t\t\t\t\t\t\t\t\t\t\t\t\t\t\t<\/div>\n\t\t\t\t<\/div>\n\t\t\t\t\t<\/div>\n\t\t\t\t<\/div>\n\t\t<div class=\"elementor-element elementor-element-dbca094 e-flex e-con-boxed e-con e-parent\" data-id=\"dbca094\" data-element_type=\"container\" data-e-type=\"container\">\n\t\t\t\t\t<div class=\"e-con-inner\">\n\t\t<div class=\"elementor-element elementor-element-7445585 e-con-full e-flex e-con e-child\" data-id=\"7445585\" data-element_type=\"container\" data-e-type=\"container\">\n\t\t\t\t<div class=\"elementor-element elementor-element-4e5f839 elementor-widget elementor-widget-image\" data-id=\"4e5f839\" data-element_type=\"widget\" data-e-type=\"widget\" data-widget_type=\"image.default\">\n\t\t\t\t<div class=\"elementor-widget-container\">\n\t\t\t\t\t\t\t\t\t\t\t\t\t\t\t<img fetchpriority=\"high\" decoding=\"async\" width=\"752\" height=\"840\" src=\"https:\/\/helisa.fr\/wp-content\/uploads\/2025\/07\/Packaging-08.png\" class=\"attachment-large size-large wp-image-1026\" alt=\"\" srcset=\"https:\/\/helisa.fr\/wp-content\/uploads\/2025\/07\/Packaging-08.png 752w, https:\/\/helisa.fr\/wp-content\/uploads\/2025\/07\/Packaging-08-269x300.png 269w\" sizes=\"(max-width: 752px) 100vw, 752px\" \/>\t\t\t\t\t\t\t\t\t\t\t\t\t\t\t<\/div>\n\t\t\t\t<\/div>\n\t\t\t\t<div class=\"elementor-element elementor-element-de2cc8e elementor-widget elementor-widget-image\" data-id=\"de2cc8e\" data-element_type=\"widget\" data-e-type=\"widget\" data-widget_type=\"image.default\">\n\t\t\t\t<div class=\"elementor-widget-container\">\n\t\t\t\t\t\t\t\t\t\t\t\t\t\t\t<img decoding=\"async\" width=\"752\" height=\"676\" src=\"https:\/\/helisa.fr\/wp-content\/uploads\/2025\/07\/Packaging-05.png\" class=\"attachment-large size-large wp-image-1023\" alt=\"\" srcset=\"https:\/\/helisa.fr\/wp-content\/uploads\/2025\/07\/Packaging-05.png 752w, https:\/\/helisa.fr\/wp-content\/uploads\/2025\/07\/Packaging-05-300x270.png 300w\" sizes=\"(max-width: 752px) 100vw, 752px\" \/>\t\t\t\t\t\t\t\t\t\t\t\t\t\t\t<\/div>\n\t\t\t\t<\/div>\n\t\t\t\t<div class=\"elementor-element elementor-element-6b68483 elementor-widget elementor-widget-image\" data-id=\"6b68483\" data-element_type=\"widget\" data-e-type=\"widget\" data-widget_type=\"image.default\">\n\t\t\t\t<div class=\"elementor-widget-container\">\n\t\t\t\t\t\t\t\t\t\t\t\t\t\t\t<img loading=\"lazy\" decoding=\"async\" width=\"752\" height=\"829\" src=\"https:\/\/helisa.fr\/wp-content\/uploads\/2025\/07\/Packaging-07.png\" class=\"attachment-large size-large wp-image-1025\" alt=\"\" srcset=\"https:\/\/helisa.fr\/wp-content\/uploads\/2025\/07\/Packaging-07.png 752w, https:\/\/helisa.fr\/wp-content\/uploads\/2025\/07\/Packaging-07-272x300.png 272w\" sizes=\"(max-width: 752px) 100vw, 752px\" \/>\t\t\t\t\t\t\t\t\t\t\t\t\t\t\t<\/div>\n\t\t\t\t<\/div>\n\t\t\t\t<div class=\"elementor-element elementor-element-72e7b47 elementor-widget elementor-widget-image\" data-id=\"72e7b47\" data-element_type=\"widget\" data-e-type=\"widget\" data-widget_type=\"image.default\">\n\t\t\t\t<div class=\"elementor-widget-container\">\n\t\t\t\t\t\t\t\t\t\t\t\t\t\t\t<img loading=\"lazy\" decoding=\"async\" width=\"752\" height=\"752\" src=\"https:\/\/helisa.fr\/wp-content\/uploads\/2025\/07\/Packaging-06.png\" class=\"attachment-large size-large wp-image-1024\" alt=\"\" srcset=\"https:\/\/helisa.fr\/wp-content\/uploads\/2025\/07\/Packaging-06.png 752w, https:\/\/helisa.fr\/wp-content\/uploads\/2025\/07\/Packaging-06-300x300.png 300w, https:\/\/helisa.fr\/wp-content\/uploads\/2025\/07\/Packaging-06-150x150.png 150w\" sizes=\"(max-width: 752px) 100vw, 752px\" \/>\t\t\t\t\t\t\t\t\t\t\t\t\t\t\t<\/div>\n\t\t\t\t<\/div>\n\t\t\t\t<\/div>\n\t\t<div class=\"elementor-element elementor-element-e127bc9 e-con-full e-flex e-con e-child\" data-id=\"e127bc9\" data-element_type=\"container\" data-e-type=\"container\">\n\t\t\t\t<div class=\"elementor-element elementor-element-e0ef296 elementor-widget elementor-widget-image\" data-id=\"e0ef296\" data-element_type=\"widget\" data-e-type=\"widget\" data-widget_type=\"image.default\">\n\t\t\t\t<div class=\"elementor-widget-container\">\n\t\t\t\t\t\t\t\t\t\t\t\t\t\t\t<img loading=\"lazy\" decoding=\"async\" width=\"1024\" height=\"942\" src=\"https:\/\/helisa.fr\/wp-content\/uploads\/2025\/07\/Packaging-02-1024x942.png\" class=\"attachment-large size-large wp-image-1019\" alt=\"\" srcset=\"https:\/\/helisa.fr\/wp-content\/uploads\/2025\/07\/Packaging-02-1024x942.png 1024w, https:\/\/helisa.fr\/wp-content\/uploads\/2025\/07\/Packaging-02-300x276.png 300w, https:\/\/helisa.fr\/wp-content\/uploads\/2025\/07\/Packaging-02-768x707.png 768w, https:\/\/helisa.fr\/wp-content\/uploads\/2025\/07\/Packaging-02.png 1204w\" sizes=\"(max-width: 1024px) 100vw, 1024px\" \/>\t\t\t\t\t\t\t\t\t\t\t\t\t\t\t<\/div>\n\t\t\t\t<\/div>\n\t\t\t\t<div class=\"elementor-element elementor-element-a07a556 elementor-widget elementor-widget-image\" data-id=\"a07a556\" data-element_type=\"widget\" data-e-type=\"widget\" data-widget_type=\"image.default\">\n\t\t\t\t<div class=\"elementor-widget-container\">\n\t\t\t\t\t\t\t\t\t\t\t\t\t\t\t<img loading=\"lazy\" decoding=\"async\" width=\"1024\" height=\"856\" src=\"https:\/\/helisa.fr\/wp-content\/uploads\/2025\/07\/Packaging-03-1024x856.png\" class=\"attachment-large size-large wp-image-1020\" alt=\"\" srcset=\"https:\/\/helisa.fr\/wp-content\/uploads\/2025\/07\/Packaging-03-1024x856.png 1024w, https:\/\/helisa.fr\/wp-content\/uploads\/2025\/07\/Packaging-03-300x251.png 300w, https:\/\/helisa.fr\/wp-content\/uploads\/2025\/07\/Packaging-03-768x642.png 768w, https:\/\/helisa.fr\/wp-content\/uploads\/2025\/07\/Packaging-03.png 1204w\" sizes=\"(max-width: 1024px) 100vw, 1024px\" \/>\t\t\t\t\t\t\t\t\t\t\t\t\t\t\t<\/div>\n\t\t\t\t<\/div>\n\t\t\t\t<div class=\"elementor-element elementor-element-6fc550b elementor-widget elementor-widget-image\" data-id=\"6fc550b\" data-element_type=\"widget\" data-e-type=\"widget\" data-widget_type=\"image.default\">\n\t\t\t\t<div class=\"elementor-widget-container\">\n\t\t\t\t\t\t\t\t\t\t\t\t\t\t\t<img loading=\"lazy\" decoding=\"async\" width=\"1024\" height=\"850\" src=\"https:\/\/helisa.fr\/wp-content\/uploads\/2025\/07\/Packaging-04-1024x850.png\" class=\"attachment-large size-large wp-image-1021\" alt=\"\" srcset=\"https:\/\/helisa.fr\/wp-content\/uploads\/2025\/07\/Packaging-04-1024x850.png 1024w, https:\/\/helisa.fr\/wp-content\/uploads\/2025\/07\/Packaging-04-300x249.png 300w, https:\/\/helisa.fr\/wp-content\/uploads\/2025\/07\/Packaging-04-768x637.png 768w, https:\/\/helisa.fr\/wp-content\/uploads\/2025\/07\/Packaging-04.png 1204w\" sizes=\"(max-width: 1024px) 100vw, 1024px\" \/>\t\t\t\t\t\t\t\t\t\t\t\t\t\t\t<\/div>\n\t\t\t\t<\/div>\n\t\t\t\t<\/div>\n\t\t\t\t\t<\/div>\n\t\t\t\t<\/div>\n\t\t\t\t<\/div>\n\t\t","protected":false},"excerpt":{"rendered":"<p>Packaging Branding Logotype Cr\u00e9ation de packaging et collaboration avec le bureau d&rsquo;\u00e9tudes pour la conception des packagings pour Mauco-Cartex.Impression num\u00e9rique et flexographie<\/p>\n","protected":false},"author":1,"featured_media":0,"parent":0,"menu_order":0,"comment_status":"closed","ping_status":"closed","template":"page-templates\/template-pagebuilder-full-width.php","meta":{"neve_meta_sidebar":"","neve_meta_container":"","neve_meta_enable_content_width":"","neve_meta_content_width":0,"neve_meta_title_alignment":"","neve_meta_author_avatar":"","neve_post_elements_order":"","neve_meta_disable_header":"","neve_meta_disable_footer":"","neve_meta_disable_title":"","_themeisle_gutenberg_block_has_review":false,"footnotes":""},"class_list":["post-1014","page","type-page","status-publish","hentry"],"_links":{"self":[{"href":"https:\/\/helisa.fr\/index.php\/wp-json\/wp\/v2\/pages\/1014","targetHints":{"allow":["GET"]}}],"collection":[{"href":"https:\/\/helisa.fr\/index.php\/wp-json\/wp\/v2\/pages"}],"about":[{"href":"https:\/\/helisa.fr\/index.php\/wp-json\/wp\/v2\/types\/page"}],"author":[{"embeddable":true,"href":"https:\/\/helisa.fr\/index.php\/wp-json\/wp\/v2\/users\/1"}],"replies":[{"embeddable":true,"href":"https:\/\/helisa.fr\/index.php\/wp-json\/wp\/v2\/comments?post=1014"}],"version-history":[{"count":13,"href":"https:\/\/helisa.fr\/index.php\/wp-json\/wp\/v2\/pages\/1014\/revisions"}],"predecessor-version":[{"id":1117,"href":"https:\/\/helisa.fr\/index.php\/wp-json\/wp\/v2\/pages\/1014\/revisions\/1117"}],"wp:attachment":[{"href":"https:\/\/helisa.fr\/index.php\/wp-json\/wp\/v2\/media?parent=1014"}],"curies":[{"name":"wp","href":"https:\/\/api.w.org\/{rel}","templated":true}]}}