{"id":1032,"date":"2025-07-02T11:54:38","date_gmt":"2025-07-02T09:54:38","guid":{"rendered":"https:\/\/helisa.fr\/?page_id=1032"},"modified":"2025-08-27T14:48:28","modified_gmt":"2025-08-27T12:48:28","slug":"boutique-de-jannine","status":"publish","type":"page","link":"https:\/\/helisa.fr\/index.php\/boutique-de-jannine\/","title":{"rendered":"Boutique de Jannine"},"content":{"rendered":"\t\t<div data-elementor-type=\"wp-page\" data-elementor-id=\"1032\" class=\"elementor elementor-1032\">\n\t\t\t\t<div class=\"elementor-element elementor-element-c3c55f1 e-con-full e-flex e-con e-parent\" data-id=\"c3c55f1\" data-element_type=\"container\" data-e-type=\"container\" data-settings=\"{&quot;background_background&quot;:&quot;classic&quot;}\">\n\t\t<div class=\"elementor-element elementor-element-bdf227b e-con-full e-flex e-con e-child\" data-id=\"bdf227b\" data-element_type=\"container\" data-e-type=\"container\">\n\t\t\t\t<div class=\"elementor-element elementor-element-291d4aa elementor-widget-tablet__width-initial elementor-widget elementor-widget-image\" data-id=\"291d4aa\" data-element_type=\"widget\" data-e-type=\"widget\" data-widget_type=\"image.default\">\n\t\t\t\t<div class=\"elementor-widget-container\">\n\t\t\t\t\t\t\t\t\t\t\t\t\t\t\t<img fetchpriority=\"high\" decoding=\"async\" width=\"849\" height=\"432\" src=\"https:\/\/helisa.fr\/wp-content\/uploads\/2025\/07\/WEB-01.png\" class=\"attachment-large size-large wp-image-1034\" alt=\"\" srcset=\"https:\/\/helisa.fr\/wp-content\/uploads\/2025\/07\/WEB-01.png 849w, https:\/\/helisa.fr\/wp-content\/uploads\/2025\/07\/WEB-01-300x153.png 300w, https:\/\/helisa.fr\/wp-content\/uploads\/2025\/07\/WEB-01-768x391.png 768w\" sizes=\"(max-width: 849px) 100vw, 849px\" \/>\t\t\t\t\t\t\t\t\t\t\t\t\t\t\t<\/div>\n\t\t\t\t<\/div>\n\t\t\t\t<\/div>\n\t\t<div class=\"elementor-element elementor-element-9770f00 e-con-full e-flex e-con e-child\" data-id=\"9770f00\" data-element_type=\"container\" data-e-type=\"container\">\n\t\t\t\t<div class=\"elementor-element elementor-element-07844f7 elementor-widget__width-inherit elementor-widget-mobile__width-inherit elementor-widget elementor-widget-text-editor\" data-id=\"07844f7\" data-element_type=\"widget\" data-e-type=\"widget\" data-widget_type=\"text-editor.default\">\n\t\t\t\t<div class=\"elementor-widget-container\">\n\t\t\t\t\t\t\t\t\t<h2>Boutique de Jannine<\/h2>\t\t\t\t\t\t\t\t<\/div>\n\t\t\t\t<\/div>\n\t\t\t\t<div class=\"elementor-element elementor-element-dc29c09 elementor-widget elementor-widget-text-editor\" data-id=\"dc29c09\" data-element_type=\"widget\" data-e-type=\"widget\" data-widget_type=\"text-editor.default\">\n\t\t\t\t<div class=\"elementor-widget-container\">\n\t\t\t\t\t\t\t\t\t<h6><span class=\"highlight\">Branding<\/span> <span class=\"highlight-rose\">Logotype<\/span><\/h6>\t\t\t\t\t\t\t\t<\/div>\n\t\t\t\t<\/div>\n\t\t\t\t<div class=\"elementor-element elementor-element-0a1b85a elementor-widget-mobile__width-inherit elementor-widget elementor-widget-text-editor\" data-id=\"0a1b85a\" data-element_type=\"widget\" data-e-type=\"widget\" data-widget_type=\"text-editor.default\">\n\t\t\t\t<div class=\"elementor-widget-container\">\n\t\t\t\t\t\t\t\t\t<p>Recherche de naming et cr\u00e9ation d\u2019une identit\u00e9 visuelle pour une \u00e9picerie. D\u00e9clinaison de cette identit\u00e9 sur divers supports de communication.<\/p>\t\t\t\t\t\t\t\t<\/div>\n\t\t\t\t<\/div>\n\t\t<div class=\"elementor-element elementor-element-ab5406f e-grid e-con-full e-con e-child\" data-id=\"ab5406f\" data-element_type=\"container\" data-e-type=\"container\">\n\t\t\t\t<div class=\"elementor-element elementor-element-0e99695 elementor-widget elementor-widget-image\" data-id=\"0e99695\" data-element_type=\"widget\" data-e-type=\"widget\" data-widget_type=\"image.default\">\n\t\t\t\t<div class=\"elementor-widget-container\">\n\t\t\t\t\t\t\t\t\t\t\t\t\t\t\t<img decoding=\"async\" width=\"150\" height=\"134\" src=\"https:\/\/helisa.fr\/wp-content\/uploads\/2025\/06\/logiciel-37-150x134.png\" class=\"attachment-thumbnail size-thumbnail wp-image-673\" alt=\"\" \/>\t\t\t\t\t\t\t\t\t\t\t\t\t\t\t<\/div>\n\t\t\t\t<\/div>\n\t\t\t\t<div class=\"elementor-element elementor-element-b37dd22 elementor-widget elementor-widget-image\" data-id=\"b37dd22\" data-element_type=\"widget\" data-e-type=\"widget\" data-widget_type=\"image.default\">\n\t\t\t\t<div class=\"elementor-widget-container\">\n\t\t\t\t\t\t\t\t\t\t\t\t\t\t\t<img decoding=\"async\" width=\"150\" height=\"134\" src=\"https:\/\/helisa.fr\/wp-content\/uploads\/2025\/06\/logiciel-36-150x134.png\" class=\"attachment-thumbnail size-thumbnail wp-image-672\" alt=\"\" \/>\t\t\t\t\t\t\t\t\t\t\t\t\t\t\t<\/div>\n\t\t\t\t<\/div>\n\t\t\t\t<\/div>\n\t\t\t\t<\/div>\n\t\t\t\t<\/div>\n\t\t<div class=\"elementor-element elementor-element-18c6b63 e-flex e-con-boxed e-con e-parent\" data-id=\"18c6b63\" data-element_type=\"container\" data-e-type=\"container\">\n\t\t\t\t\t<div class=\"e-con-inner\">\n\t\t<div class=\"elementor-element elementor-element-fbc6bb7 e-con-full e-flex e-con e-child\" data-id=\"fbc6bb7\" data-element_type=\"container\" data-e-type=\"container\">\n\t\t\t\t<div class=\"elementor-element elementor-element-7e105e2 elementor-widget elementor-widget-image\" data-id=\"7e105e2\" data-element_type=\"widget\" data-e-type=\"widget\" data-widget_type=\"image.default\">\n\t\t\t\t<div class=\"elementor-widget-container\">\n\t\t\t\t\t\t\t\t\t\t\t\t\t\t\t<img loading=\"lazy\" decoding=\"async\" width=\"499\" height=\"823\" src=\"https:\/\/helisa.fr\/wp-content\/uploads\/2025\/07\/WEB-03.png\" class=\"attachment-large size-large wp-image-1036\" alt=\"\" srcset=\"https:\/\/helisa.fr\/wp-content\/uploads\/2025\/07\/WEB-03.png 499w, https:\/\/helisa.fr\/wp-content\/uploads\/2025\/07\/WEB-03-182x300.png 182w\" sizes=\"(max-width: 499px) 100vw, 499px\" \/>\t\t\t\t\t\t\t\t\t\t\t\t\t\t\t<\/div>\n\t\t\t\t<\/div>\n\t\t\t\t<\/div>\n\t\t<div class=\"elementor-element elementor-element-2640518 e-con-full e-flex e-con e-child\" data-id=\"2640518\" data-element_type=\"container\" data-e-type=\"container\">\n\t\t\t\t<div class=\"elementor-element elementor-element-b74006c elementor-widget elementor-widget-image\" data-id=\"b74006c\" data-element_type=\"widget\" data-e-type=\"widget\" data-widget_type=\"image.default\">\n\t\t\t\t<div class=\"elementor-widget-container\">\n\t\t\t\t\t\t\t\t\t\t\t\t\t\t\t<img loading=\"lazy\" decoding=\"async\" width=\"1024\" height=\"768\" src=\"https:\/\/helisa.fr\/wp-content\/uploads\/2025\/07\/WEB-02-1024x768.png\" class=\"attachment-large size-large wp-image-1035\" alt=\"\" srcset=\"https:\/\/helisa.fr\/wp-content\/uploads\/2025\/07\/WEB-02-1024x768.png 1024w, https:\/\/helisa.fr\/wp-content\/uploads\/2025\/07\/WEB-02-300x225.png 300w, https:\/\/helisa.fr\/wp-content\/uploads\/2025\/07\/WEB-02-768x576.png 768w, https:\/\/helisa.fr\/wp-content\/uploads\/2025\/07\/WEB-02.png 1099w\" sizes=\"(max-width: 1024px) 100vw, 1024px\" \/>\t\t\t\t\t\t\t\t\t\t\t\t\t\t\t<\/div>\n\t\t\t\t<\/div>\n\t\t\t\t<\/div>\n\t\t\t\t\t<\/div>\n\t\t\t\t<\/div>\n\t\t<div class=\"elementor-element elementor-element-228fa8b e-flex e-con-boxed e-con e-parent\" data-id=\"228fa8b\" data-element_type=\"container\" data-e-type=\"container\">\n\t\t\t\t\t<div class=\"e-con-inner\">\n\t\t\t\t<div class=\"elementor-element elementor-element-3383620 elementor-widget elementor-widget-image\" data-id=\"3383620\" data-element_type=\"widget\" data-e-type=\"widget\" data-widget_type=\"image.default\">\n\t\t\t\t<div class=\"elementor-widget-container\">\n\t\t\t\t\t\t\t\t\t\t\t\t\t\t\t<img loading=\"lazy\" decoding=\"async\" width=\"1024\" height=\"359\" src=\"https:\/\/helisa.fr\/wp-content\/uploads\/2025\/07\/WEB-04-1024x359.png\" class=\"attachment-large size-large wp-image-1037\" alt=\"\" srcset=\"https:\/\/helisa.fr\/wp-content\/uploads\/2025\/07\/WEB-04-1024x359.png 1024w, https:\/\/helisa.fr\/wp-content\/uploads\/2025\/07\/WEB-04-300x105.png 300w, https:\/\/helisa.fr\/wp-content\/uploads\/2025\/07\/WEB-04-768x269.png 768w, https:\/\/helisa.fr\/wp-content\/uploads\/2025\/07\/WEB-04-1536x539.png 1536w, https:\/\/helisa.fr\/wp-content\/uploads\/2025\/07\/WEB-04.png 1648w\" sizes=\"(max-width: 1024px) 100vw, 1024px\" \/>\t\t\t\t\t\t\t\t\t\t\t\t\t\t\t<\/div>\n\t\t\t\t<\/div>\n\t\t\t\t<div class=\"elementor-element elementor-element-446440d elementor-widget elementor-widget-image\" data-id=\"446440d\" data-element_type=\"widget\" data-e-type=\"widget\" data-widget_type=\"image.default\">\n\t\t\t\t<div class=\"elementor-widget-container\">\n\t\t\t\t\t\t\t\t\t\t\t\t\t\t\t<img loading=\"lazy\" decoding=\"async\" width=\"1024\" height=\"497\" src=\"https:\/\/helisa.fr\/wp-content\/uploads\/2025\/07\/WEB-05-1024x497.png\" class=\"attachment-large size-large wp-image-1038\" alt=\"\" srcset=\"https:\/\/helisa.fr\/wp-content\/uploads\/2025\/07\/WEB-05-1024x497.png 1024w, https:\/\/helisa.fr\/wp-content\/uploads\/2025\/07\/WEB-05-300x146.png 300w, https:\/\/helisa.fr\/wp-content\/uploads\/2025\/07\/WEB-05-768x373.png 768w, https:\/\/helisa.fr\/wp-content\/uploads\/2025\/07\/WEB-05-1536x746.png 1536w, https:\/\/helisa.fr\/wp-content\/uploads\/2025\/07\/WEB-05.png 1654w\" sizes=\"(max-width: 1024px) 100vw, 1024px\" \/>\t\t\t\t\t\t\t\t\t\t\t\t\t\t\t<\/div>\n\t\t\t\t<\/div>\n\t\t\t\t\t<\/div>\n\t\t\t\t<\/div>\n\t\t<div class=\"elementor-element elementor-element-4978448 e-flex e-con-boxed e-con e-parent\" data-id=\"4978448\" data-element_type=\"container\" data-e-type=\"container\">\n\t\t\t\t\t<div class=\"e-con-inner\">\n\t\t<div class=\"elementor-element elementor-element-1a12e9c e-con-full e-flex e-con e-child\" data-id=\"1a12e9c\" data-element_type=\"container\" data-e-type=\"container\">\n\t\t\t\t<div class=\"elementor-element elementor-element-9a0679a elementor-widget elementor-widget-image\" data-id=\"9a0679a\" data-element_type=\"widget\" data-e-type=\"widget\" data-widget_type=\"image.default\">\n\t\t\t\t<div class=\"elementor-widget-container\">\n\t\t\t\t\t\t\t\t\t\t\t\t\t\t\t<img loading=\"lazy\" decoding=\"async\" width=\"824\" height=\"989\" src=\"https:\/\/helisa.fr\/wp-content\/uploads\/2025\/07\/WEB-06.png\" class=\"attachment-large size-large wp-image-1039\" alt=\"\" srcset=\"https:\/\/helisa.fr\/wp-content\/uploads\/2025\/07\/WEB-06.png 824w, https:\/\/helisa.fr\/wp-content\/uploads\/2025\/07\/WEB-06-250x300.png 250w, https:\/\/helisa.fr\/wp-content\/uploads\/2025\/07\/WEB-06-768x922.png 768w\" sizes=\"(max-width: 824px) 100vw, 824px\" \/>\t\t\t\t\t\t\t\t\t\t\t\t\t\t\t<\/div>\n\t\t\t\t<\/div>\n\t\t\t\t<\/div>\n\t\t<div class=\"elementor-element elementor-element-a6b6d9e e-con-full e-flex e-con e-child\" data-id=\"a6b6d9e\" data-element_type=\"container\" data-e-type=\"container\">\n\t\t\t\t<div class=\"elementor-element elementor-element-b93bc4b elementor-widget elementor-widget-image\" data-id=\"b93bc4b\" data-element_type=\"widget\" data-e-type=\"widget\" data-widget_type=\"image.default\">\n\t\t\t\t<div class=\"elementor-widget-container\">\n\t\t\t\t\t\t\t\t\t\t\t\t\t\t\t<img loading=\"lazy\" decoding=\"async\" width=\"772\" height=\"989\" src=\"https:\/\/helisa.fr\/wp-content\/uploads\/2025\/07\/WEB-07.png\" class=\"attachment-large size-large wp-image-1040\" alt=\"\" srcset=\"https:\/\/helisa.fr\/wp-content\/uploads\/2025\/07\/WEB-07.png 772w, https:\/\/helisa.fr\/wp-content\/uploads\/2025\/07\/WEB-07-234x300.png 234w, https:\/\/helisa.fr\/wp-content\/uploads\/2025\/07\/WEB-07-768x984.png 768w\" sizes=\"(max-width: 772px) 100vw, 772px\" \/>\t\t\t\t\t\t\t\t\t\t\t\t\t\t\t<\/div>\n\t\t\t\t<\/div>\n\t\t\t\t<\/div>\n\t\t\t\t\t<\/div>\n\t\t\t\t<\/div>\n\t\t<div class=\"elementor-element elementor-element-cc646a1 e-flex e-con-boxed e-con e-parent\" data-id=\"cc646a1\" data-element_type=\"container\" data-e-type=\"container\">\n\t\t\t\t\t<div class=\"e-con-inner\">\n\t\t\t\t<div class=\"elementor-element elementor-element-9dfb6f5 elementor-widget elementor-widget-image\" data-id=\"9dfb6f5\" data-element_type=\"widget\" data-e-type=\"widget\" data-widget_type=\"image.default\">\n\t\t\t\t<div class=\"elementor-widget-container\">\n\t\t\t\t\t\t\t\t\t\t\t\t\t\t\t<img loading=\"lazy\" decoding=\"async\" width=\"1024\" height=\"106\" src=\"https:\/\/helisa.fr\/wp-content\/uploads\/2025\/07\/WEB-08-1024x106.png\" class=\"attachment-large size-large wp-image-1041\" alt=\"\" srcset=\"https:\/\/helisa.fr\/wp-content\/uploads\/2025\/07\/WEB-08-1024x106.png 1024w, https:\/\/helisa.fr\/wp-content\/uploads\/2025\/07\/WEB-08-300x31.png 300w, https:\/\/helisa.fr\/wp-content\/uploads\/2025\/07\/WEB-08-768x79.png 768w, https:\/\/helisa.fr\/wp-content\/uploads\/2025\/07\/WEB-08-1536x158.png 1536w, https:\/\/helisa.fr\/wp-content\/uploads\/2025\/07\/WEB-08.png 1650w\" sizes=\"(max-width: 1024px) 100vw, 1024px\" \/>\t\t\t\t\t\t\t\t\t\t\t\t\t\t\t<\/div>\n\t\t\t\t<\/div>\n\t\t\t\t<div class=\"elementor-element elementor-element-b73d0fc elementor-widget elementor-widget-image\" data-id=\"b73d0fc\" data-element_type=\"widget\" data-e-type=\"widget\" data-widget_type=\"image.default\">\n\t\t\t\t<div class=\"elementor-widget-container\">\n\t\t\t\t\t\t\t\t\t\t\t\t\t\t\t<img loading=\"lazy\" decoding=\"async\" width=\"1024\" height=\"683\" src=\"https:\/\/helisa.fr\/wp-content\/uploads\/2025\/07\/WEB-09-1024x683.png\" class=\"attachment-large size-large wp-image-1042\" alt=\"\" srcset=\"https:\/\/helisa.fr\/wp-content\/uploads\/2025\/07\/WEB-09-1024x683.png 1024w, https:\/\/helisa.fr\/wp-content\/uploads\/2025\/07\/WEB-09-300x200.png 300w, https:\/\/helisa.fr\/wp-content\/uploads\/2025\/07\/WEB-09-768x512.png 768w, https:\/\/helisa.fr\/wp-content\/uploads\/2025\/07\/WEB-09-1536x1024.png 1536w, https:\/\/helisa.fr\/wp-content\/uploads\/2025\/07\/WEB-09-930x620.png 930w, https:\/\/helisa.fr\/wp-content\/uploads\/2025\/07\/WEB-09.png 1650w\" sizes=\"(max-width: 1024px) 100vw, 1024px\" \/>\t\t\t\t\t\t\t\t\t\t\t\t\t\t\t<\/div>\n\t\t\t\t<\/div>\n\t\t\t\t<div class=\"elementor-element elementor-element-808331a elementor-widget elementor-widget-image\" data-id=\"808331a\" data-element_type=\"widget\" data-e-type=\"widget\" data-widget_type=\"image.default\">\n\t\t\t\t<div class=\"elementor-widget-container\">\n\t\t\t\t\t\t\t\t\t\t\t\t\t\t\t<img loading=\"lazy\" decoding=\"async\" width=\"1024\" height=\"817\" src=\"https:\/\/helisa.fr\/wp-content\/uploads\/2025\/07\/WEB-10-1024x817.png\" class=\"attachment-large size-large wp-image-1043\" alt=\"\" srcset=\"https:\/\/helisa.fr\/wp-content\/uploads\/2025\/07\/WEB-10-1024x817.png 1024w, https:\/\/helisa.fr\/wp-content\/uploads\/2025\/07\/WEB-10-300x239.png 300w, https:\/\/helisa.fr\/wp-content\/uploads\/2025\/07\/WEB-10-768x612.png 768w, https:\/\/helisa.fr\/wp-content\/uploads\/2025\/07\/WEB-10-1536x1225.png 1536w, https:\/\/helisa.fr\/wp-content\/uploads\/2025\/07\/WEB-10.png 1654w\" sizes=\"(max-width: 1024px) 100vw, 1024px\" \/>\t\t\t\t\t\t\t\t\t\t\t\t\t\t\t<\/div>\n\t\t\t\t<\/div>\n\t\t\t\t\t<\/div>\n\t\t\t\t<\/div>\n\t\t<div class=\"elementor-element elementor-element-8bddac5 e-flex e-con-boxed e-con e-parent\" data-id=\"8bddac5\" data-element_type=\"container\" data-e-type=\"container\">\n\t\t\t\t\t<div class=\"e-con-inner\">\n\t\t\t\t<div class=\"elementor-element elementor-element-acce83d elementor-widget__width-inherit elementor-widget elementor-widget-html\" data-id=\"acce83d\" data-element_type=\"widget\" data-e-type=\"widget\" data-widget_type=\"html.default\">\n\t\t\t\t<div class=\"elementor-widget-container\">\n\t\t\t\t\t<!-- Bloc navigation pleine largeur -->\n<div class=\"nav-fullwidth\">\n  <a href=\"https:\/\/helisa.fr\/index.php\/rang-doignon\/\" class=\"nav-gauche\">\n    &#10094; Pr\u00e9c\u00e9dent\n  <\/a>\n  <a href=\"https:\/\/helisa.fr\/index.php\/magnolia\/\" class=\"nav-droite\">\n    Suivant &#10095;\n  <\/a>\n<\/div>\n\n<style>\n@import url('https:\/\/fonts.googleapis.com\/css2?family=Sora:wght@600&display=swap');\n\n.nav-fullwidth {\n  width: 100%;\n  display: flex;\n  justify-content: space-between; \/* gauche et droite *\/\n  align-items: center;\n  padding: 0 20px; \/* espace par rapport aux bords *\/\n  box-sizing: border-box;\n  height: 80px; \/* ajuste selon tes besoins *\/\n  background: rgba(255, 255, 255, 0.1); \/* optionnel : fond transparent *\/\n}\n\n.nav-fullwidth a {\n  font-family: 'Sora', sans-serif;\n  font-size: 18px;\n  text-decoration: none;\n  color: #333;\n  padding: 10px 15px;\n  border-radius: 8px;\n  transition: background 0.3s, color 0.3s;\n}\n\n.nav-fullwidth a:hover {\n  background: #EF346F;\n  color: #fff;\n}\n<\/style>\n\t\t\t\t<\/div>\n\t\t\t\t<\/div>\n\t\t\t\t\t<\/div>\n\t\t\t\t<\/div>\n\t\t\t\t<\/div>\n\t\t","protected":false},"excerpt":{"rendered":"<p>Boutique de Jannine Branding Logotype Recherche de naming et cr\u00e9ation d\u2019une identit\u00e9 visuelle pour une \u00e9picerie. D\u00e9clinaison de cette identit\u00e9 sur divers supports de communication. &#10094; Pr\u00e9c\u00e9dent Suivant &#10095;<\/p>\n","protected":false},"author":1,"featured_media":0,"parent":0,"menu_order":0,"comment_status":"closed","ping_status":"closed","template":"page-templates\/template-pagebuilder-full-width.php","meta":{"neve_meta_sidebar":"","neve_meta_container":"","neve_meta_enable_content_width":"","neve_meta_content_width":0,"neve_meta_title_alignment":"","neve_meta_author_avatar":"","neve_post_elements_order":"","neve_meta_disable_header":"","neve_meta_disable_footer":"","neve_meta_disable_title":"","_themeisle_gutenberg_block_has_review":false,"footnotes":""},"class_list":["post-1032","page","type-page","status-publish","hentry"],"_links":{"self":[{"href":"https:\/\/helisa.fr\/index.php\/wp-json\/wp\/v2\/pages\/1032","targetHints":{"allow":["GET"]}}],"collection":[{"href":"https:\/\/helisa.fr\/index.php\/wp-json\/wp\/v2\/pages"}],"about":[{"href":"https:\/\/helisa.fr\/index.php\/wp-json\/wp\/v2\/types\/page"}],"author":[{"embeddable":true,"href":"https:\/\/helisa.fr\/index.php\/wp-json\/wp\/v2\/users\/1"}],"replies":[{"embeddable":true,"href":"https:\/\/helisa.fr\/index.php\/wp-json\/wp\/v2\/comments?post=1032"}],"version-history":[{"count":13,"href":"https:\/\/helisa.fr\/index.php\/wp-json\/wp\/v2\/pages\/1032\/revisions"}],"predecessor-version":[{"id":1226,"href":"https:\/\/helisa.fr\/index.php\/wp-json\/wp\/v2\/pages\/1032\/revisions\/1226"}],"wp:attachment":[{"href":"https:\/\/helisa.fr\/index.php\/wp-json\/wp\/v2\/media?parent=1032"}],"curies":[{"name":"wp","href":"https:\/\/api.w.org\/{rel}","templated":true}]}}