{"id":1064,"date":"2025-07-02T14:20:18","date_gmt":"2025-07-02T12:20:18","guid":{"rendered":"https:\/\/helisa.fr\/?page_id=1064"},"modified":"2025-07-02T15:25:51","modified_gmt":"2025-07-02T13:25:51","slug":"reseau-entreprendre-aquitaine","status":"publish","type":"page","link":"https:\/\/helisa.fr\/index.php\/reseau-entreprendre-aquitaine\/","title":{"rendered":"R\u00e9seau Entreprendre Aquitaine"},"content":{"rendered":"\t\t<div data-elementor-type=\"wp-page\" data-elementor-id=\"1064\" class=\"elementor elementor-1064\">\n\t\t\t\t<div class=\"elementor-element elementor-element-9f58189 e-flex e-con-boxed e-con e-parent\" data-id=\"9f58189\" data-element_type=\"container\" data-e-type=\"container\">\n\t\t\t\t\t<div class=\"e-con-inner\">\n\t\t\t\t<div class=\"elementor-element elementor-element-a354877 elementor-widget__width-inherit elementor-widget-mobile__width-inherit elementor-widget elementor-widget-text-editor\" data-id=\"a354877\" data-element_type=\"widget\" data-e-type=\"widget\" data-widget_type=\"text-editor.default\">\n\t\t\t\t<div class=\"elementor-widget-container\">\n\t\t\t\t\t\t\t\t\t<h2>R\u00e9seau Entreprendre Aquitaine<\/h2>\t\t\t\t\t\t\t\t<\/div>\n\t\t\t\t<\/div>\n\t\t\t\t<div class=\"elementor-element elementor-element-68c0a6a elementor-widget elementor-widget-text-editor\" data-id=\"68c0a6a\" data-element_type=\"widget\" data-e-type=\"widget\" data-widget_type=\"text-editor.default\">\n\t\t\t\t<div class=\"elementor-widget-container\">\n\t\t\t\t\t\t\t\t\t<h6><span class=\"highlight\">Branding<\/span> <span class=\"highlight-rose\">Logotype<\/span><\/h6>\t\t\t\t\t\t\t\t<\/div>\n\t\t\t\t<\/div>\n\t\t\t\t<div class=\"elementor-element elementor-element-362435f elementor-widget-mobile__width-inherit elementor-widget elementor-widget-text-editor\" data-id=\"362435f\" data-element_type=\"widget\" data-e-type=\"widget\" data-widget_type=\"text-editor.default\">\n\t\t\t\t<div class=\"elementor-widget-container\">\n\t\t\t\t\t\t\t\t\t<p>Mise en page des rapports d&rsquo;activit\u00e9 de l&rsquo;association R\u00e9seau Entreprendre Aquitaine de 2020 \u00e0 2023.<\/p>\t\t\t\t\t\t\t\t<\/div>\n\t\t\t\t<\/div>\n\t\t\t\t<div class=\"elementor-element elementor-element-ffaee74 elementor-widget elementor-widget-image\" data-id=\"ffaee74\" data-element_type=\"widget\" data-e-type=\"widget\" data-widget_type=\"image.default\">\n\t\t\t\t<div class=\"elementor-widget-container\">\n\t\t\t\t\t\t\t\t\t\t\t\t\t\t\t<img decoding=\"async\" width=\"150\" height=\"134\" src=\"https:\/\/helisa.fr\/wp-content\/uploads\/2025\/06\/logiciel-36-150x134.png\" class=\"attachment-thumbnail size-thumbnail wp-image-672\" alt=\"\" \/>\t\t\t\t\t\t\t\t\t\t\t\t\t\t\t<\/div>\n\t\t\t\t<\/div>\n\t\t\t\t\t<\/div>\n\t\t\t\t<\/div>\n\t\t<div class=\"elementor-element elementor-element-bec7d0e e-flex e-con-boxed e-con e-parent\" data-id=\"bec7d0e\" data-element_type=\"container\" data-e-type=\"container\">\n\t\t\t\t\t<div class=\"e-con-inner\">\n\t\t<div class=\"elementor-element elementor-element-d3aa9d2 e-con-full e-flex e-con e-child\" data-id=\"d3aa9d2\" data-element_type=\"container\" data-e-type=\"container\">\n\t\t\t\t<div class=\"elementor-element elementor-element-c71d5ba elementor-widget elementor-widget-image\" data-id=\"c71d5ba\" data-element_type=\"widget\" data-e-type=\"widget\" data-widget_type=\"image.default\">\n\t\t\t\t<div class=\"elementor-widget-container\">\n\t\t\t\t\t\t\t\t\t\t\t\t\t\t\t<img fetchpriority=\"high\" decoding=\"async\" width=\"488\" height=\"731\" src=\"https:\/\/helisa.fr\/wp-content\/uploads\/2025\/07\/WEB-REA-01.jpg\" class=\"attachment-large size-large wp-image-1066\" alt=\"\" srcset=\"https:\/\/helisa.fr\/wp-content\/uploads\/2025\/07\/WEB-REA-01.jpg 488w, https:\/\/helisa.fr\/wp-content\/uploads\/2025\/07\/WEB-REA-01-200x300.jpg 200w\" sizes=\"(max-width: 488px) 100vw, 488px\" \/>\t\t\t\t\t\t\t\t\t\t\t\t\t\t\t<\/div>\n\t\t\t\t<\/div>\n\t\t\t\t<div class=\"elementor-element elementor-element-e28da14 elementor-widget elementor-widget-image\" data-id=\"e28da14\" data-element_type=\"widget\" data-e-type=\"widget\" data-widget_type=\"image.default\">\n\t\t\t\t<div class=\"elementor-widget-container\">\n\t\t\t\t\t\t\t\t\t\t\t\t\t\t\t<img decoding=\"async\" width=\"488\" height=\"387\" src=\"https:\/\/helisa.fr\/wp-content\/uploads\/2025\/07\/WEB-REA-04.jpg\" class=\"attachment-large size-large wp-image-1069\" alt=\"\" srcset=\"https:\/\/helisa.fr\/wp-content\/uploads\/2025\/07\/WEB-REA-04.jpg 488w, https:\/\/helisa.fr\/wp-content\/uploads\/2025\/07\/WEB-REA-04-300x238.jpg 300w\" sizes=\"(max-width: 488px) 100vw, 488px\" \/>\t\t\t\t\t\t\t\t\t\t\t\t\t\t\t<\/div>\n\t\t\t\t<\/div>\n\t\t\t\t<\/div>\n\t\t<div class=\"elementor-element elementor-element-6d7d960 e-con-full e-flex e-con e-child\" data-id=\"6d7d960\" data-element_type=\"container\" data-e-type=\"container\">\n\t\t\t\t<div class=\"elementor-element elementor-element-34e411e elementor-widget elementor-widget-image\" data-id=\"34e411e\" data-element_type=\"widget\" data-e-type=\"widget\" data-widget_type=\"image.default\">\n\t\t\t\t<div class=\"elementor-widget-container\">\n\t\t\t\t\t\t\t\t\t\t\t\t\t\t\t<img loading=\"lazy\" decoding=\"async\" width=\"480\" height=\"393\" src=\"https:\/\/helisa.fr\/wp-content\/uploads\/2025\/07\/WEB-REA-02.jpg\" class=\"attachment-large size-large wp-image-1067\" alt=\"\" srcset=\"https:\/\/helisa.fr\/wp-content\/uploads\/2025\/07\/WEB-REA-02.jpg 480w, https:\/\/helisa.fr\/wp-content\/uploads\/2025\/07\/WEB-REA-02-300x246.jpg 300w\" sizes=\"(max-width: 480px) 100vw, 480px\" \/>\t\t\t\t\t\t\t\t\t\t\t\t\t\t\t<\/div>\n\t\t\t\t<\/div>\n\t\t\t\t<div class=\"elementor-element elementor-element-2866cce elementor-widget elementor-widget-image\" data-id=\"2866cce\" data-element_type=\"widget\" data-e-type=\"widget\" data-widget_type=\"image.default\">\n\t\t\t\t<div class=\"elementor-widget-container\">\n\t\t\t\t\t\t\t\t\t\t\t\t\t\t\t<img loading=\"lazy\" decoding=\"async\" width=\"474\" height=\"316\" src=\"https:\/\/helisa.fr\/wp-content\/uploads\/2025\/07\/WEB-REA-03.jpg\" class=\"attachment-large size-large wp-image-1068\" alt=\"\" srcset=\"https:\/\/helisa.fr\/wp-content\/uploads\/2025\/07\/WEB-REA-03.jpg 474w, https:\/\/helisa.fr\/wp-content\/uploads\/2025\/07\/WEB-REA-03-300x200.jpg 300w\" sizes=\"(max-width: 474px) 100vw, 474px\" \/>\t\t\t\t\t\t\t\t\t\t\t\t\t\t\t<\/div>\n\t\t\t\t<\/div>\n\t\t\t\t<div class=\"elementor-element elementor-element-818ecc3 elementor-widget elementor-widget-image\" data-id=\"818ecc3\" data-element_type=\"widget\" data-e-type=\"widget\" data-widget_type=\"image.default\">\n\t\t\t\t<div class=\"elementor-widget-container\">\n\t\t\t\t\t\t\t\t\t\t\t\t\t\t\t<img loading=\"lazy\" decoding=\"async\" width=\"474\" height=\"387\" src=\"https:\/\/helisa.fr\/wp-content\/uploads\/2025\/07\/WEB-REA-05.jpg\" class=\"attachment-large size-large wp-image-1070\" alt=\"\" srcset=\"https:\/\/helisa.fr\/wp-content\/uploads\/2025\/07\/WEB-REA-05.jpg 474w, https:\/\/helisa.fr\/wp-content\/uploads\/2025\/07\/WEB-REA-05-300x245.jpg 300w\" sizes=\"(max-width: 474px) 100vw, 474px\" \/>\t\t\t\t\t\t\t\t\t\t\t\t\t\t\t<\/div>\n\t\t\t\t<\/div>\n\t\t\t\t<\/div>\n\t\t\t\t\t<\/div>\n\t\t\t\t<\/div>\n\t\t<div class=\"elementor-element elementor-element-8704d39 e-flex e-con-boxed e-con e-parent\" data-id=\"8704d39\" data-element_type=\"container\" data-e-type=\"container\">\n\t\t\t\t\t<div class=\"e-con-inner\">\n\t\t<div class=\"elementor-element elementor-element-328f0b2 e-con-full e-flex e-con e-child\" data-id=\"328f0b2\" data-element_type=\"container\" data-e-type=\"container\">\n\t\t\t\t<div class=\"elementor-element elementor-element-f1da1ab elementor-widget elementor-widget-image\" data-id=\"f1da1ab\" data-element_type=\"widget\" data-e-type=\"widget\" data-widget_type=\"image.default\">\n\t\t\t\t<div class=\"elementor-widget-container\">\n\t\t\t\t\t\t\t\t\t\t\t\t\t\t\t<img loading=\"lazy\" decoding=\"async\" width=\"488\" height=\"344\" src=\"https:\/\/helisa.fr\/wp-content\/uploads\/2025\/07\/WEB-REA-06.jpg\" class=\"attachment-large size-large wp-image-1071\" alt=\"\" srcset=\"https:\/\/helisa.fr\/wp-content\/uploads\/2025\/07\/WEB-REA-06.jpg 488w, https:\/\/helisa.fr\/wp-content\/uploads\/2025\/07\/WEB-REA-06-300x211.jpg 300w\" sizes=\"(max-width: 488px) 100vw, 488px\" \/>\t\t\t\t\t\t\t\t\t\t\t\t\t\t\t<\/div>\n\t\t\t\t<\/div>\n\t\t\t\t<div class=\"elementor-element elementor-element-f189da2 elementor-widget elementor-widget-image\" data-id=\"f189da2\" data-element_type=\"widget\" data-e-type=\"widget\" data-widget_type=\"image.default\">\n\t\t\t\t<div class=\"elementor-widget-container\">\n\t\t\t\t\t\t\t\t\t\t\t\t\t\t\t<img loading=\"lazy\" decoding=\"async\" width=\"488\" height=\"325\" src=\"https:\/\/helisa.fr\/wp-content\/uploads\/2025\/07\/WEB-REA-08.jpg\" class=\"attachment-large size-large wp-image-1073\" alt=\"\" srcset=\"https:\/\/helisa.fr\/wp-content\/uploads\/2025\/07\/WEB-REA-08.jpg 488w, https:\/\/helisa.fr\/wp-content\/uploads\/2025\/07\/WEB-REA-08-300x200.jpg 300w\" sizes=\"(max-width: 488px) 100vw, 488px\" \/>\t\t\t\t\t\t\t\t\t\t\t\t\t\t\t<\/div>\n\t\t\t\t<\/div>\n\t\t\t\t<\/div>\n\t\t<div class=\"elementor-element elementor-element-602331a e-con-full e-flex e-con e-child\" data-id=\"602331a\" data-element_type=\"container\" data-e-type=\"container\">\n\t\t\t\t<div class=\"elementor-element elementor-element-a6e308b elementor-widget elementor-widget-image\" data-id=\"a6e308b\" data-element_type=\"widget\" data-e-type=\"widget\" data-widget_type=\"image.default\">\n\t\t\t\t<div class=\"elementor-widget-container\">\n\t\t\t\t\t\t\t\t\t\t\t\t\t\t\t<img loading=\"lazy\" decoding=\"async\" width=\"478\" height=\"344\" src=\"https:\/\/helisa.fr\/wp-content\/uploads\/2025\/07\/WEB-REA-07.jpg\" class=\"attachment-large size-large wp-image-1072\" alt=\"\" srcset=\"https:\/\/helisa.fr\/wp-content\/uploads\/2025\/07\/WEB-REA-07.jpg 478w, https:\/\/helisa.fr\/wp-content\/uploads\/2025\/07\/WEB-REA-07-300x216.jpg 300w\" sizes=\"(max-width: 478px) 100vw, 478px\" \/>\t\t\t\t\t\t\t\t\t\t\t\t\t\t\t<\/div>\n\t\t\t\t<\/div>\n\t\t\t\t<div class=\"elementor-element elementor-element-fc9880f elementor-widget elementor-widget-image\" data-id=\"fc9880f\" data-element_type=\"widget\" data-e-type=\"widget\" data-widget_type=\"image.default\">\n\t\t\t\t<div class=\"elementor-widget-container\">\n\t\t\t\t\t\t\t\t\t\t\t\t\t\t\t<img loading=\"lazy\" decoding=\"async\" width=\"489\" height=\"322\" src=\"https:\/\/helisa.fr\/wp-content\/uploads\/2025\/07\/WEB-REA-09.jpg\" class=\"attachment-large size-large wp-image-1074\" alt=\"\" srcset=\"https:\/\/helisa.fr\/wp-content\/uploads\/2025\/07\/WEB-REA-09.jpg 489w, https:\/\/helisa.fr\/wp-content\/uploads\/2025\/07\/WEB-REA-09-300x198.jpg 300w\" sizes=\"(max-width: 489px) 100vw, 489px\" \/>\t\t\t\t\t\t\t\t\t\t\t\t\t\t\t<\/div>\n\t\t\t\t<\/div>\n\t\t\t\t<\/div>\n\t\t\t\t\t<\/div>\n\t\t\t\t<\/div>\n\t\t<div class=\"elementor-element elementor-element-30150c8 e-flex e-con-boxed e-con e-parent\" data-id=\"30150c8\" data-element_type=\"container\" data-e-type=\"container\">\n\t\t\t\t\t<div class=\"e-con-inner\">\n\t\t<div class=\"elementor-element elementor-element-805b74e e-con-full e-flex e-con e-child\" data-id=\"805b74e\" data-element_type=\"container\" data-e-type=\"container\">\n\t\t\t\t<div class=\"elementor-element elementor-element-7d3b0a9 elementor-widget elementor-widget-image\" data-id=\"7d3b0a9\" data-element_type=\"widget\" data-e-type=\"widget\" data-widget_type=\"image.default\">\n\t\t\t\t<div class=\"elementor-widget-container\">\n\t\t\t\t\t\t\t\t\t\t\t\t\t\t\t<img loading=\"lazy\" decoding=\"async\" width=\"488\" height=\"325\" src=\"https:\/\/helisa.fr\/wp-content\/uploads\/2025\/07\/WEB-REA-10.jpg\" class=\"attachment-large size-large wp-image-1075\" alt=\"\" srcset=\"https:\/\/helisa.fr\/wp-content\/uploads\/2025\/07\/WEB-REA-10.jpg 488w, https:\/\/helisa.fr\/wp-content\/uploads\/2025\/07\/WEB-REA-10-300x200.jpg 300w\" sizes=\"(max-width: 488px) 100vw, 488px\" \/>\t\t\t\t\t\t\t\t\t\t\t\t\t\t\t<\/div>\n\t\t\t\t<\/div>\n\t\t\t\t<div class=\"elementor-element elementor-element-7656b81 elementor-widget elementor-widget-image\" data-id=\"7656b81\" data-element_type=\"widget\" data-e-type=\"widget\" data-widget_type=\"image.default\">\n\t\t\t\t<div class=\"elementor-widget-container\">\n\t\t\t\t\t\t\t\t\t\t\t\t\t\t\t<img loading=\"lazy\" decoding=\"async\" width=\"495\" height=\"325\" src=\"https:\/\/helisa.fr\/wp-content\/uploads\/2025\/07\/WEB-REA-12.jpg\" class=\"attachment-large size-large wp-image-1077\" alt=\"\" srcset=\"https:\/\/helisa.fr\/wp-content\/uploads\/2025\/07\/WEB-REA-12.jpg 495w, https:\/\/helisa.fr\/wp-content\/uploads\/2025\/07\/WEB-REA-12-300x197.jpg 300w\" sizes=\"(max-width: 495px) 100vw, 495px\" \/>\t\t\t\t\t\t\t\t\t\t\t\t\t\t\t<\/div>\n\t\t\t\t<\/div>\n\t\t\t\t<\/div>\n\t\t<div class=\"elementor-element elementor-element-d04c4ec e-con-full e-flex e-con e-child\" data-id=\"d04c4ec\" data-element_type=\"container\" data-e-type=\"container\">\n\t\t\t\t<div class=\"elementor-element elementor-element-c52f4ad elementor-widget elementor-widget-image\" data-id=\"c52f4ad\" data-element_type=\"widget\" data-e-type=\"widget\" data-widget_type=\"image.default\">\n\t\t\t\t<div class=\"elementor-widget-container\">\n\t\t\t\t\t\t\t\t\t\t\t\t\t\t\t<img loading=\"lazy\" decoding=\"async\" width=\"495\" height=\"325\" src=\"https:\/\/helisa.fr\/wp-content\/uploads\/2025\/07\/WEB-REA-11.jpg\" class=\"attachment-large size-large wp-image-1076\" alt=\"\" srcset=\"https:\/\/helisa.fr\/wp-content\/uploads\/2025\/07\/WEB-REA-11.jpg 495w, https:\/\/helisa.fr\/wp-content\/uploads\/2025\/07\/WEB-REA-11-300x197.jpg 300w\" sizes=\"(max-width: 495px) 100vw, 495px\" \/>\t\t\t\t\t\t\t\t\t\t\t\t\t\t\t<\/div>\n\t\t\t\t<\/div>\n\t\t\t\t<div class=\"elementor-element elementor-element-f61af01 elementor-widget elementor-widget-image\" data-id=\"f61af01\" data-element_type=\"widget\" data-e-type=\"widget\" data-widget_type=\"image.default\">\n\t\t\t\t<div class=\"elementor-widget-container\">\n\t\t\t\t\t\t\t\t\t\t\t\t\t\t\t<img loading=\"lazy\" decoding=\"async\" width=\"495\" height=\"325\" src=\"https:\/\/helisa.fr\/wp-content\/uploads\/2025\/07\/WEB-REA-13.jpg\" class=\"attachment-large size-large wp-image-1078\" alt=\"\" srcset=\"https:\/\/helisa.fr\/wp-content\/uploads\/2025\/07\/WEB-REA-13.jpg 495w, https:\/\/helisa.fr\/wp-content\/uploads\/2025\/07\/WEB-REA-13-300x197.jpg 300w\" sizes=\"(max-width: 495px) 100vw, 495px\" \/>\t\t\t\t\t\t\t\t\t\t\t\t\t\t\t<\/div>\n\t\t\t\t<\/div>\n\t\t\t\t<\/div>\n\t\t\t\t\t<\/div>\n\t\t\t\t<\/div>\n\t\t\t\t<\/div>\n\t\t","protected":false},"excerpt":{"rendered":"<p>R\u00e9seau Entreprendre Aquitaine Branding Logotype Mise en page des rapports d&rsquo;activit\u00e9 de l&rsquo;association R\u00e9seau Entreprendre Aquitaine de 2020 \u00e0 2023.<\/p>\n","protected":false},"author":1,"featured_media":0,"parent":0,"menu_order":0,"comment_status":"closed","ping_status":"closed","template":"page-templates\/template-pagebuilder-full-width.php","meta":{"neve_meta_sidebar":"","neve_meta_container":"","neve_meta_enable_content_width":"","neve_meta_content_width":0,"neve_meta_title_alignment":"","neve_meta_author_avatar":"","neve_post_elements_order":"","neve_meta_disable_header":"","neve_meta_disable_footer":"","neve_meta_disable_title":"","_themeisle_gutenberg_block_has_review":false,"footnotes":""},"class_list":["post-1064","page","type-page","status-publish","hentry"],"_links":{"self":[{"href":"https:\/\/helisa.fr\/index.php\/wp-json\/wp\/v2\/pages\/1064","targetHints":{"allow":["GET"]}}],"collection":[{"href":"https:\/\/helisa.fr\/index.php\/wp-json\/wp\/v2\/pages"}],"about":[{"href":"https:\/\/helisa.fr\/index.php\/wp-json\/wp\/v2\/types\/page"}],"author":[{"embeddable":true,"href":"https:\/\/helisa.fr\/index.php\/wp-json\/wp\/v2\/users\/1"}],"replies":[{"embeddable":true,"href":"https:\/\/helisa.fr\/index.php\/wp-json\/wp\/v2\/comments?post=1064"}],"version-history":[{"count":7,"href":"https:\/\/helisa.fr\/index.php\/wp-json\/wp\/v2\/pages\/1064\/revisions"}],"predecessor-version":[{"id":1086,"href":"https:\/\/helisa.fr\/index.php\/wp-json\/wp\/v2\/pages\/1064\/revisions\/1086"}],"wp:attachment":[{"href":"https:\/\/helisa.fr\/index.php\/wp-json\/wp\/v2\/media?parent=1064"}],"curies":[{"name":"wp","href":"https:\/\/api.w.org\/{rel}","templated":true}]}}