{"id":1093,"date":"2025-07-02T15:30:35","date_gmt":"2025-07-02T13:30:35","guid":{"rendered":"https:\/\/helisa.fr\/?page_id=1093"},"modified":"2025-08-27T14:53:07","modified_gmt":"2025-08-27T12:53:07","slug":"magnolia","status":"publish","type":"page","link":"https:\/\/helisa.fr\/index.php\/magnolia\/","title":{"rendered":"Magnolia"},"content":{"rendered":"\t\t<div data-elementor-type=\"wp-page\" data-elementor-id=\"1093\" class=\"elementor elementor-1093\">\n\t\t\t\t<div class=\"elementor-element elementor-element-8357a79 e-con-full e-flex e-con e-parent\" data-id=\"8357a79\" data-element_type=\"container\" data-e-type=\"container\" data-settings=\"{&quot;background_background&quot;:&quot;classic&quot;}\">\n\t\t<div class=\"elementor-element elementor-element-d5a2854 e-con-full e-flex e-con e-child\" data-id=\"d5a2854\" data-element_type=\"container\" data-e-type=\"container\">\n\t\t\t\t<div class=\"elementor-element elementor-element-7f05605 elementor-widget-tablet__width-initial elementor-widget elementor-widget-image\" data-id=\"7f05605\" data-element_type=\"widget\" data-e-type=\"widget\" data-widget_type=\"image.default\">\n\t\t\t\t<div class=\"elementor-widget-container\">\n\t\t\t\t\t\t\t\t\t\t\t\t\t\t\t<img fetchpriority=\"high\" decoding=\"async\" width=\"340\" height=\"213\" src=\"https:\/\/helisa.fr\/wp-content\/uploads\/2025\/07\/Magnolia-web-07.jpg\" class=\"attachment-large size-large wp-image-1101\" alt=\"\" srcset=\"https:\/\/helisa.fr\/wp-content\/uploads\/2025\/07\/Magnolia-web-07.jpg 340w, https:\/\/helisa.fr\/wp-content\/uploads\/2025\/07\/Magnolia-web-07-300x188.jpg 300w\" sizes=\"(max-width: 340px) 100vw, 340px\" \/>\t\t\t\t\t\t\t\t\t\t\t\t\t\t\t<\/div>\n\t\t\t\t<\/div>\n\t\t\t\t<\/div>\n\t\t<div class=\"elementor-element elementor-element-bc6cb22 e-con-full e-flex e-con e-child\" data-id=\"bc6cb22\" data-element_type=\"container\" data-e-type=\"container\">\n\t\t\t\t<div class=\"elementor-element elementor-element-784fb77 elementor-widget__width-inherit elementor-widget-mobile__width-inherit elementor-widget elementor-widget-text-editor\" data-id=\"784fb77\" data-element_type=\"widget\" data-e-type=\"widget\" data-widget_type=\"text-editor.default\">\n\t\t\t\t<div class=\"elementor-widget-container\">\n\t\t\t\t\t\t\t\t\t<h2>Magnolia<\/h2>\t\t\t\t\t\t\t\t<\/div>\n\t\t\t\t<\/div>\n\t\t\t\t<div class=\"elementor-element elementor-element-e766024 elementor-widget elementor-widget-text-editor\" data-id=\"e766024\" data-element_type=\"widget\" data-e-type=\"widget\" data-widget_type=\"text-editor.default\">\n\t\t\t\t<div class=\"elementor-widget-container\">\n\t\t\t\t\t\t\t\t\t<h6><span class=\"highlight\">Branding<\/span> <span class=\"highlight-rose\">Logotype<\/span> <span class=\"highlight-bleu\">Packaging<\/span><\/h6>\t\t\t\t\t\t\t\t<\/div>\n\t\t\t\t<\/div>\n\t\t\t\t<div class=\"elementor-element elementor-element-8975bc2 elementor-widget-mobile__width-inherit elementor-widget elementor-widget-text-editor\" data-id=\"8975bc2\" data-element_type=\"widget\" data-e-type=\"widget\" data-widget_type=\"text-editor.default\">\n\t\t\t\t<div class=\"elementor-widget-container\">\n\t\t\t\t\t\t\t\t\t<p>Recherche de naming et cr\u00e9ation d\u2019une identit\u00e9 visuelle pour des savons. D\u00e9clinaison de cette identit\u00e9 sur divers supports de communication et cr\u00e9ation d&rsquo;un PLV sur-mesure imprim\u00e9 en num\u00e9rique.<\/p>\t\t\t\t\t\t\t\t<\/div>\n\t\t\t\t<\/div>\n\t\t<div class=\"elementor-element elementor-element-e8a9cd0 e-grid e-con-full e-con e-child\" data-id=\"e8a9cd0\" data-element_type=\"container\" data-e-type=\"container\">\n\t\t\t\t<div class=\"elementor-element elementor-element-8dfb07d elementor-widget elementor-widget-image\" data-id=\"8dfb07d\" data-element_type=\"widget\" data-e-type=\"widget\" data-widget_type=\"image.default\">\n\t\t\t\t<div class=\"elementor-widget-container\">\n\t\t\t\t\t\t\t\t\t\t\t\t\t\t\t<img decoding=\"async\" width=\"150\" height=\"134\" src=\"https:\/\/helisa.fr\/wp-content\/uploads\/2025\/06\/logiciel-37-150x134.png\" class=\"attachment-thumbnail size-thumbnail wp-image-673\" alt=\"\" \/>\t\t\t\t\t\t\t\t\t\t\t\t\t\t\t<\/div>\n\t\t\t\t<\/div>\n\t\t\t\t<div class=\"elementor-element elementor-element-e0fc8d0 elementor-widget elementor-widget-image\" data-id=\"e0fc8d0\" data-element_type=\"widget\" data-e-type=\"widget\" data-widget_type=\"image.default\">\n\t\t\t\t<div class=\"elementor-widget-container\">\n\t\t\t\t\t\t\t\t\t\t\t\t\t\t\t<img decoding=\"async\" width=\"150\" height=\"134\" src=\"https:\/\/helisa.fr\/wp-content\/uploads\/2025\/06\/logiciel-36-150x134.png\" class=\"attachment-thumbnail size-thumbnail wp-image-672\" alt=\"\" \/>\t\t\t\t\t\t\t\t\t\t\t\t\t\t\t<\/div>\n\t\t\t\t<\/div>\n\t\t\t\t<\/div>\n\t\t\t\t<\/div>\n\t\t\t\t<\/div>\n\t\t<div class=\"elementor-element elementor-element-dfc8b51 e-flex e-con-boxed e-con e-parent\" data-id=\"dfc8b51\" data-element_type=\"container\" data-e-type=\"container\">\n\t\t\t\t\t<div class=\"e-con-inner\">\n\t\t<div class=\"elementor-element elementor-element-c8124ca e-con-full e-flex e-con e-child\" data-id=\"c8124ca\" data-element_type=\"container\" data-e-type=\"container\">\n\t\t\t\t<div class=\"elementor-element elementor-element-9399852 elementor-widget elementor-widget-image\" data-id=\"9399852\" data-element_type=\"widget\" data-e-type=\"widget\" data-widget_type=\"image.default\">\n\t\t\t\t<div class=\"elementor-widget-container\">\n\t\t\t\t\t\t\t\t\t\t\t\t\t\t\t<img loading=\"lazy\" decoding=\"async\" width=\"469\" height=\"312\" src=\"https:\/\/helisa.fr\/wp-content\/uploads\/2025\/07\/Magnolia-web-01.jpg\" class=\"attachment-large size-large wp-image-1095\" alt=\"\" srcset=\"https:\/\/helisa.fr\/wp-content\/uploads\/2025\/07\/Magnolia-web-01.jpg 469w, https:\/\/helisa.fr\/wp-content\/uploads\/2025\/07\/Magnolia-web-01-300x200.jpg 300w\" sizes=\"(max-width: 469px) 100vw, 469px\" \/>\t\t\t\t\t\t\t\t\t\t\t\t\t\t\t<\/div>\n\t\t\t\t<\/div>\n\t\t\t\t<div class=\"elementor-element elementor-element-ece7976 elementor-widget elementor-widget-image\" data-id=\"ece7976\" data-element_type=\"widget\" data-e-type=\"widget\" data-widget_type=\"image.default\">\n\t\t\t\t<div class=\"elementor-widget-container\">\n\t\t\t\t\t\t\t\t\t\t\t\t\t\t\t<img loading=\"lazy\" decoding=\"async\" width=\"469\" height=\"304\" src=\"https:\/\/helisa.fr\/wp-content\/uploads\/2025\/07\/Magnolia-web-04.jpg\" class=\"attachment-large size-large wp-image-1098\" alt=\"\" srcset=\"https:\/\/helisa.fr\/wp-content\/uploads\/2025\/07\/Magnolia-web-04.jpg 469w, https:\/\/helisa.fr\/wp-content\/uploads\/2025\/07\/Magnolia-web-04-300x194.jpg 300w\" sizes=\"(max-width: 469px) 100vw, 469px\" \/>\t\t\t\t\t\t\t\t\t\t\t\t\t\t\t<\/div>\n\t\t\t\t<\/div>\n\t\t\t\t<div class=\"elementor-element elementor-element-9f13d02 elementor-widget elementor-widget-image\" data-id=\"9f13d02\" data-element_type=\"widget\" data-e-type=\"widget\" data-widget_type=\"image.default\">\n\t\t\t\t<div class=\"elementor-widget-container\">\n\t\t\t\t\t\t\t\t\t\t\t\t\t\t\t<img loading=\"lazy\" decoding=\"async\" width=\"469\" height=\"308\" src=\"https:\/\/helisa.fr\/wp-content\/uploads\/2025\/07\/Magnolia-web-05.jpg\" class=\"attachment-large size-large wp-image-1099\" alt=\"\" srcset=\"https:\/\/helisa.fr\/wp-content\/uploads\/2025\/07\/Magnolia-web-05.jpg 469w, https:\/\/helisa.fr\/wp-content\/uploads\/2025\/07\/Magnolia-web-05-300x197.jpg 300w\" sizes=\"(max-width: 469px) 100vw, 469px\" \/>\t\t\t\t\t\t\t\t\t\t\t\t\t\t\t<\/div>\n\t\t\t\t<\/div>\n\t\t\t\t<\/div>\n\t\t<div class=\"elementor-element elementor-element-2fe3927 e-con-full e-flex e-con e-child\" data-id=\"2fe3927\" data-element_type=\"container\" data-e-type=\"container\">\n\t\t\t\t<div class=\"elementor-element elementor-element-1b7b17d elementor-widget elementor-widget-image\" data-id=\"1b7b17d\" data-element_type=\"widget\" data-e-type=\"widget\" data-widget_type=\"image.default\">\n\t\t\t\t<div class=\"elementor-widget-container\">\n\t\t\t\t\t\t\t\t\t\t\t\t\t\t\t<img loading=\"lazy\" decoding=\"async\" width=\"456\" height=\"312\" src=\"https:\/\/helisa.fr\/wp-content\/uploads\/2025\/07\/Magnolia-web-02.jpg\" class=\"attachment-large size-large wp-image-1096\" alt=\"\" srcset=\"https:\/\/helisa.fr\/wp-content\/uploads\/2025\/07\/Magnolia-web-02.jpg 456w, https:\/\/helisa.fr\/wp-content\/uploads\/2025\/07\/Magnolia-web-02-300x205.jpg 300w\" sizes=\"(max-width: 456px) 100vw, 456px\" \/>\t\t\t\t\t\t\t\t\t\t\t\t\t\t\t<\/div>\n\t\t\t\t<\/div>\n\t\t\t\t<div class=\"elementor-element elementor-element-dda2ef3 elementor-widget elementor-widget-image\" data-id=\"dda2ef3\" data-element_type=\"widget\" data-e-type=\"widget\" data-widget_type=\"image.default\">\n\t\t\t\t<div class=\"elementor-widget-container\">\n\t\t\t\t\t\t\t\t\t\t\t\t\t\t\t<img loading=\"lazy\" decoding=\"async\" width=\"456\" height=\"308\" src=\"https:\/\/helisa.fr\/wp-content\/uploads\/2025\/07\/Magnolia-web-03.jpg\" class=\"attachment-large size-large wp-image-1097\" alt=\"\" srcset=\"https:\/\/helisa.fr\/wp-content\/uploads\/2025\/07\/Magnolia-web-03.jpg 456w, https:\/\/helisa.fr\/wp-content\/uploads\/2025\/07\/Magnolia-web-03-300x203.jpg 300w\" sizes=\"(max-width: 456px) 100vw, 456px\" \/>\t\t\t\t\t\t\t\t\t\t\t\t\t\t\t<\/div>\n\t\t\t\t<\/div>\n\t\t\t\t<div class=\"elementor-element elementor-element-1849f05 elementor-widget elementor-widget-image\" data-id=\"1849f05\" data-element_type=\"widget\" data-e-type=\"widget\" data-widget_type=\"image.default\">\n\t\t\t\t<div class=\"elementor-widget-container\">\n\t\t\t\t\t\t\t\t\t\t\t\t\t\t\t<img loading=\"lazy\" decoding=\"async\" width=\"456\" height=\"308\" src=\"https:\/\/helisa.fr\/wp-content\/uploads\/2025\/07\/Magnolia-web-06.jpg\" class=\"attachment-large size-large wp-image-1100\" alt=\"\" srcset=\"https:\/\/helisa.fr\/wp-content\/uploads\/2025\/07\/Magnolia-web-06.jpg 456w, https:\/\/helisa.fr\/wp-content\/uploads\/2025\/07\/Magnolia-web-06-300x203.jpg 300w\" sizes=\"(max-width: 456px) 100vw, 456px\" \/>\t\t\t\t\t\t\t\t\t\t\t\t\t\t\t<\/div>\n\t\t\t\t<\/div>\n\t\t\t\t<\/div>\n\t\t\t\t\t<\/div>\n\t\t\t\t<\/div>\n\t\t<div class=\"elementor-element elementor-element-ca84ce5 e-flex e-con-boxed e-con e-parent\" data-id=\"ca84ce5\" data-element_type=\"container\" data-e-type=\"container\">\n\t\t\t\t\t<div class=\"e-con-inner\">\n\t\t\t\t<div class=\"elementor-element elementor-element-26d4fa8 elementor-widget__width-inherit elementor-widget elementor-widget-html\" data-id=\"26d4fa8\" data-element_type=\"widget\" data-e-type=\"widget\" data-widget_type=\"html.default\">\n\t\t\t\t<div class=\"elementor-widget-container\">\n\t\t\t\t\t<!-- Bloc navigation pleine largeur -->\n<div class=\"nav-fullwidth\">\n  <a href=\"https:\/\/helisa.fr\/index.php\/boutique-de-jannine\/\" class=\"nav-gauche\">\n    &#10094; Pr\u00e9c\u00e9dent\n  <\/a>\n  <a href=\"https:\/\/helisa.fr\/index.php\/dys-sur-dix\/\" class=\"nav-droite\">\n    Suivant &#10095;\n  <\/a>\n<\/div>\n\n<style>\n@import url('https:\/\/fonts.googleapis.com\/css2?family=Sora:wght@600&display=swap');\n\n.nav-fullwidth {\n  width: 100%;\n  display: flex;\n  justify-content: space-between; \/* gauche et droite *\/\n  align-items: center;\n  padding: 0 20px; \/* espace par rapport aux bords *\/\n  box-sizing: border-box;\n  height: 80px; \/* ajuste selon tes besoins *\/\n  background: rgba(255, 255, 255, 0.1); \/* optionnel : fond transparent *\/\n}\n\n.nav-fullwidth a {\n  font-family: 'Sora', sans-serif;\n  font-size: 18px;\n  text-decoration: none;\n  color: #333;\n  padding: 10px 15px;\n  border-radius: 8px;\n  transition: background 0.3s, color 0.3s;\n}\n\n.nav-fullwidth a:hover {\n  background: #EF346F;\n  color: #fff;\n}\n<\/style>\n\t\t\t\t<\/div>\n\t\t\t\t<\/div>\n\t\t\t\t\t<\/div>\n\t\t\t\t<\/div>\n\t\t\t\t<\/div>\n\t\t","protected":false},"excerpt":{"rendered":"<p>Magnolia Branding Logotype Packaging Recherche de naming et cr\u00e9ation d\u2019une identit\u00e9 visuelle pour des savons. D\u00e9clinaison de cette identit\u00e9 sur divers supports de communication et cr\u00e9ation d&rsquo;un PLV sur-mesure imprim\u00e9 en num\u00e9rique. &#10094; Pr\u00e9c\u00e9dent Suivant &#10095;<\/p>\n","protected":false},"author":1,"featured_media":0,"parent":0,"menu_order":0,"comment_status":"closed","ping_status":"closed","template":"page-templates\/template-pagebuilder-full-width.php","meta":{"neve_meta_sidebar":"","neve_meta_container":"","neve_meta_enable_content_width":"","neve_meta_content_width":0,"neve_meta_title_alignment":"","neve_meta_author_avatar":"","neve_post_elements_order":"","neve_meta_disable_header":"","neve_meta_disable_footer":"","neve_meta_disable_title":"","_themeisle_gutenberg_block_has_review":false,"footnotes":""},"class_list":["post-1093","page","type-page","status-publish","hentry"],"_links":{"self":[{"href":"https:\/\/helisa.fr\/index.php\/wp-json\/wp\/v2\/pages\/1093","targetHints":{"allow":["GET"]}}],"collection":[{"href":"https:\/\/helisa.fr\/index.php\/wp-json\/wp\/v2\/pages"}],"about":[{"href":"https:\/\/helisa.fr\/index.php\/wp-json\/wp\/v2\/types\/page"}],"author":[{"embeddable":true,"href":"https:\/\/helisa.fr\/index.php\/wp-json\/wp\/v2\/users\/1"}],"replies":[{"embeddable":true,"href":"https:\/\/helisa.fr\/index.php\/wp-json\/wp\/v2\/comments?post=1093"}],"version-history":[{"count":10,"href":"https:\/\/helisa.fr\/index.php\/wp-json\/wp\/v2\/pages\/1093\/revisions"}],"predecessor-version":[{"id":1232,"href":"https:\/\/helisa.fr\/index.php\/wp-json\/wp\/v2\/pages\/1093\/revisions\/1232"}],"wp:attachment":[{"href":"https:\/\/helisa.fr\/index.php\/wp-json\/wp\/v2\/media?parent=1093"}],"curies":[{"name":"wp","href":"https:\/\/api.w.org\/{rel}","templated":true}]}}