{"id":9,"date":"2025-06-19T09:16:32","date_gmt":"2025-06-19T07:16:32","guid":{"rendered":"https:\/\/helisa.fr\/?page_id=9"},"modified":"2025-08-27T14:42:23","modified_gmt":"2025-08-27T12:42:23","slug":"dys-sur-dix","status":"publish","type":"page","link":"https:\/\/helisa.fr\/index.php\/dys-sur-dix\/","title":{"rendered":"Dys sur Dix"},"content":{"rendered":"\t\t<div data-elementor-type=\"wp-post\" data-elementor-id=\"9\" class=\"elementor elementor-9\">\n\t\t\t\t<div class=\"elementor-element elementor-element-bea5ba6 e-con-full e-flex e-con e-parent\" data-id=\"bea5ba6\" data-element_type=\"container\" data-e-type=\"container\" data-settings=\"{&quot;background_background&quot;:&quot;classic&quot;}\">\n\t\t<div class=\"elementor-element elementor-element-0cdccf5 e-con-full e-flex e-con e-child\" data-id=\"0cdccf5\" data-element_type=\"container\" data-e-type=\"container\">\n\t\t\t\t<div class=\"elementor-element elementor-element-b6d209e elementor-widget-tablet__width-initial elementor-widget elementor-widget-image\" data-id=\"b6d209e\" data-element_type=\"widget\" data-e-type=\"widget\" data-widget_type=\"image.default\">\n\t\t\t\t<div class=\"elementor-widget-container\">\n\t\t\t\t\t\t\t\t\t\t\t\t\t\t\t<img fetchpriority=\"high\" decoding=\"async\" width=\"705\" height=\"820\" src=\"https:\/\/helisa.fr\/wp-content\/uploads\/2025\/06\/Dys-sur-dix-1.png\" class=\"attachment-large size-large wp-image-696\" alt=\"\" srcset=\"https:\/\/helisa.fr\/wp-content\/uploads\/2025\/06\/Dys-sur-dix-1.png 705w, https:\/\/helisa.fr\/wp-content\/uploads\/2025\/06\/Dys-sur-dix-1-258x300.png 258w\" sizes=\"(max-width: 705px) 100vw, 705px\" \/>\t\t\t\t\t\t\t\t\t\t\t\t\t\t\t<\/div>\n\t\t\t\t<\/div>\n\t\t\t\t<\/div>\n\t\t<div class=\"elementor-element elementor-element-8927947 e-con-full e-flex e-con e-child\" data-id=\"8927947\" data-element_type=\"container\" data-e-type=\"container\">\n\t\t\t\t<div class=\"elementor-element elementor-element-96dd39c elementor-widget__width-inherit elementor-widget-mobile__width-inherit elementor-widget elementor-widget-text-editor\" data-id=\"96dd39c\" data-element_type=\"widget\" data-e-type=\"widget\" data-widget_type=\"text-editor.default\">\n\t\t\t\t<div class=\"elementor-widget-container\">\n\t\t\t\t\t\t\t\t\t<h2>Dys sur Dix\u00a0<\/h2>\t\t\t\t\t\t\t\t<\/div>\n\t\t\t\t<\/div>\n\t\t\t\t<div class=\"elementor-element elementor-element-e898fb5 elementor-widget elementor-widget-text-editor\" data-id=\"e898fb5\" data-element_type=\"widget\" data-e-type=\"widget\" data-widget_type=\"text-editor.default\">\n\t\t\t\t<div class=\"elementor-widget-container\">\n\t\t\t\t\t\t\t\t\t<h6><span class=\"highlight\">Branding<\/span> <span class=\"highlight-rose\">Logotype<\/span><\/h6>\t\t\t\t\t\t\t\t<\/div>\n\t\t\t\t<\/div>\n\t\t\t\t<div class=\"elementor-element elementor-element-6c783e3 elementor-widget-mobile__width-inherit elementor-widget elementor-widget-text-editor\" data-id=\"6c783e3\" data-element_type=\"widget\" data-e-type=\"widget\" data-widget_type=\"text-editor.default\">\n\t\t\t\t<div class=\"elementor-widget-container\">\n\t\t\t\t\t\t\t\t\t<p>Recherche de naming et cr\u00e9ation d\u2019une identit\u00e9 visuelle pour une association sp\u00e9cialis\u00e9e dans la d\u00e9tection des troubles du neuro-d\u00e9veloppement chez les jeunes enfants. D\u00e9clinaison de cette identit\u00e9 sur divers supports de communication.<\/p>\t\t\t\t\t\t\t\t<\/div>\n\t\t\t\t<\/div>\n\t\t<div class=\"elementor-element elementor-element-a1f58a8 e-grid e-con-full e-con e-child\" data-id=\"a1f58a8\" data-element_type=\"container\" data-e-type=\"container\">\n\t\t\t\t<div class=\"elementor-element elementor-element-fd247da elementor-widget elementor-widget-image\" data-id=\"fd247da\" data-element_type=\"widget\" data-e-type=\"widget\" data-widget_type=\"image.default\">\n\t\t\t\t<div class=\"elementor-widget-container\">\n\t\t\t\t\t\t\t\t\t\t\t\t\t\t\t<img decoding=\"async\" width=\"150\" height=\"134\" src=\"https:\/\/helisa.fr\/wp-content\/uploads\/2025\/06\/logiciel-37-150x134.png\" class=\"attachment-thumbnail size-thumbnail wp-image-673\" alt=\"\" \/>\t\t\t\t\t\t\t\t\t\t\t\t\t\t\t<\/div>\n\t\t\t\t<\/div>\n\t\t\t\t<div class=\"elementor-element elementor-element-d0dc66a elementor-widget elementor-widget-image\" data-id=\"d0dc66a\" data-element_type=\"widget\" data-e-type=\"widget\" data-widget_type=\"image.default\">\n\t\t\t\t<div class=\"elementor-widget-container\">\n\t\t\t\t\t\t\t\t\t\t\t\t\t\t\t<img decoding=\"async\" width=\"150\" height=\"134\" src=\"https:\/\/helisa.fr\/wp-content\/uploads\/2025\/06\/logiciel-36-150x134.png\" class=\"attachment-thumbnail size-thumbnail wp-image-672\" alt=\"\" \/>\t\t\t\t\t\t\t\t\t\t\t\t\t\t\t<\/div>\n\t\t\t\t<\/div>\n\t\t\t\t<\/div>\n\t\t\t\t<\/div>\n\t\t\t\t<\/div>\n\t\t<div class=\"elementor-element elementor-element-892bf41 e-con-full e-flex e-con e-parent\" data-id=\"892bf41\" data-element_type=\"container\" data-e-type=\"container\" data-settings=\"{&quot;background_background&quot;:&quot;classic&quot;}\">\n\t\t\t\t<div class=\"elementor-element elementor-element-6bb438b elementor-widget__width-inherit elementor-widget elementor-widget-image\" data-id=\"6bb438b\" data-element_type=\"widget\" data-e-type=\"widget\" data-widget_type=\"image.default\">\n\t\t\t\t<div class=\"elementor-widget-container\">\n\t\t\t\t\t\t\t\t\t\t\t\t\t\t\t<img loading=\"lazy\" decoding=\"async\" width=\"1024\" height=\"27\" src=\"https:\/\/helisa.fr\/wp-content\/uploads\/2025\/06\/Dys-sur-dix-visuel-03-1024x27.png\" class=\"attachment-large size-large wp-image-692\" alt=\"\" srcset=\"https:\/\/helisa.fr\/wp-content\/uploads\/2025\/06\/Dys-sur-dix-visuel-03-1024x27.png 1024w, https:\/\/helisa.fr\/wp-content\/uploads\/2025\/06\/Dys-sur-dix-visuel-03-300x8.png 300w, https:\/\/helisa.fr\/wp-content\/uploads\/2025\/06\/Dys-sur-dix-visuel-03-768x21.png 768w, https:\/\/helisa.fr\/wp-content\/uploads\/2025\/06\/Dys-sur-dix-visuel-03-1536x41.png 1536w, https:\/\/helisa.fr\/wp-content\/uploads\/2025\/06\/Dys-sur-dix-visuel-03-2048x55.png 2048w\" sizes=\"(max-width: 1024px) 100vw, 1024px\" \/>\t\t\t\t\t\t\t\t\t\t\t\t\t\t\t<\/div>\n\t\t\t\t<\/div>\n\t\t\t\t<\/div>\n\t\t<div class=\"elementor-element elementor-element-33f560f e-flex e-con-boxed e-con e-parent\" data-id=\"33f560f\" data-element_type=\"container\" data-e-type=\"container\" data-settings=\"{&quot;background_background&quot;:&quot;classic&quot;}\">\n\t\t\t\t\t<div class=\"e-con-inner\">\n\t\t<div class=\"elementor-element elementor-element-e4aa569 e-con-full e-flex e-con e-child\" data-id=\"e4aa569\" data-element_type=\"container\" data-e-type=\"container\">\n\t\t\t\t<div class=\"elementor-element elementor-element-e4571eb e-transform elementor-widget elementor-widget-image\" data-id=\"e4571eb\" data-element_type=\"widget\" data-e-type=\"widget\" data-settings=\"{&quot;_transform_rotateZ_effect&quot;:{&quot;unit&quot;:&quot;px&quot;,&quot;size&quot;:0,&quot;sizes&quot;:[]},&quot;_transform_rotateZ_effect_tablet&quot;:{&quot;unit&quot;:&quot;deg&quot;,&quot;size&quot;:&quot;&quot;,&quot;sizes&quot;:[]},&quot;_transform_rotateZ_effect_mobile&quot;:{&quot;unit&quot;:&quot;deg&quot;,&quot;size&quot;:&quot;&quot;,&quot;sizes&quot;:[]}}\" data-widget_type=\"image.default\">\n\t\t\t\t<div class=\"elementor-widget-container\">\n\t\t\t\t\t\t\t\t\t\t\t\t\t\t\t<img loading=\"lazy\" decoding=\"async\" width=\"1024\" height=\"698\" src=\"https:\/\/helisa.fr\/wp-content\/uploads\/2025\/06\/Dys-sur-dix-Visuel-02-10-1024x698.jpg\" class=\"attachment-large size-large wp-image-791\" alt=\"\" srcset=\"https:\/\/helisa.fr\/wp-content\/uploads\/2025\/06\/Dys-sur-dix-Visuel-02-10-1024x698.jpg 1024w, https:\/\/helisa.fr\/wp-content\/uploads\/2025\/06\/Dys-sur-dix-Visuel-02-10-300x204.jpg 300w, https:\/\/helisa.fr\/wp-content\/uploads\/2025\/06\/Dys-sur-dix-Visuel-02-10-768x523.jpg 768w, https:\/\/helisa.fr\/wp-content\/uploads\/2025\/06\/Dys-sur-dix-Visuel-02-10-1536x1047.jpg 1536w, https:\/\/helisa.fr\/wp-content\/uploads\/2025\/06\/Dys-sur-dix-Visuel-02-10.jpg 1638w\" sizes=\"(max-width: 1024px) 100vw, 1024px\" \/>\t\t\t\t\t\t\t\t\t\t\t\t\t\t\t<\/div>\n\t\t\t\t<\/div>\n\t\t\t\t<div class=\"elementor-element elementor-element-2c5a2bf elementor-widget elementor-widget-image\" data-id=\"2c5a2bf\" data-element_type=\"widget\" data-e-type=\"widget\" data-widget_type=\"image.default\">\n\t\t\t\t<div class=\"elementor-widget-container\">\n\t\t\t\t\t\t\t\t\t\t\t\t\t\t\t<img loading=\"lazy\" decoding=\"async\" width=\"820\" height=\"1024\" src=\"https:\/\/helisa.fr\/wp-content\/uploads\/2025\/06\/Dys-sur-dix-Visuel-02-12-820x1024.jpg\" class=\"attachment-large size-large wp-image-793\" alt=\"\" srcset=\"https:\/\/helisa.fr\/wp-content\/uploads\/2025\/06\/Dys-sur-dix-Visuel-02-12-820x1024.jpg 820w, https:\/\/helisa.fr\/wp-content\/uploads\/2025\/06\/Dys-sur-dix-Visuel-02-12-240x300.jpg 240w, https:\/\/helisa.fr\/wp-content\/uploads\/2025\/06\/Dys-sur-dix-Visuel-02-12-768x960.jpg 768w, https:\/\/helisa.fr\/wp-content\/uploads\/2025\/06\/Dys-sur-dix-Visuel-02-12-1229x1536.jpg 1229w, https:\/\/helisa.fr\/wp-content\/uploads\/2025\/06\/Dys-sur-dix-Visuel-02-12.jpg 1339w\" sizes=\"(max-width: 820px) 100vw, 820px\" \/>\t\t\t\t\t\t\t\t\t\t\t\t\t\t\t<\/div>\n\t\t\t\t<\/div>\n\t\t\t\t<div class=\"elementor-element elementor-element-08f3f06 elementor-widget elementor-widget-image\" data-id=\"08f3f06\" data-element_type=\"widget\" data-e-type=\"widget\" data-widget_type=\"image.default\">\n\t\t\t\t<div class=\"elementor-widget-container\">\n\t\t\t\t\t\t\t\t\t\t\t\t\t\t\t<img loading=\"lazy\" decoding=\"async\" width=\"842\" height=\"1024\" src=\"https:\/\/helisa.fr\/wp-content\/uploads\/2025\/06\/Dys-sur-dix-Visuel-02-15-842x1024.jpg\" class=\"attachment-large size-large wp-image-796\" alt=\"\" srcset=\"https:\/\/helisa.fr\/wp-content\/uploads\/2025\/06\/Dys-sur-dix-Visuel-02-15-842x1024.jpg 842w, https:\/\/helisa.fr\/wp-content\/uploads\/2025\/06\/Dys-sur-dix-Visuel-02-15-247x300.jpg 247w, https:\/\/helisa.fr\/wp-content\/uploads\/2025\/06\/Dys-sur-dix-Visuel-02-15-768x934.jpg 768w, https:\/\/helisa.fr\/wp-content\/uploads\/2025\/06\/Dys-sur-dix-Visuel-02-15.jpg 916w\" sizes=\"(max-width: 842px) 100vw, 842px\" \/>\t\t\t\t\t\t\t\t\t\t\t\t\t\t\t<\/div>\n\t\t\t\t<\/div>\n\t\t\t\t<div class=\"elementor-element elementor-element-9601bad elementor-widget__width-inherit elementor-widget elementor-widget-text-editor\" data-id=\"9601bad\" data-element_type=\"widget\" data-e-type=\"widget\" data-widget_type=\"text-editor.default\">\n\t\t\t\t<div class=\"elementor-widget-container\">\n\t\t\t\t\t\t\t\t\t<p><strong>Comp\u00e9tences<\/strong><\/p>\t\t\t\t\t\t\t\t<\/div>\n\t\t\t\t<\/div>\n\t\t\t\t<div class=\"elementor-element elementor-element-01333da elementor-widget__width-inherit elementor-widget elementor-widget-text-editor\" data-id=\"01333da\" data-element_type=\"widget\" data-e-type=\"widget\" data-widget_type=\"text-editor.default\">\n\t\t\t\t<div class=\"elementor-widget-container\">\n\t\t\t\t\t\t\t\t\t<p>Recherche de Naming<br \/>Cr\u00e9ation Logotype<br \/>Univers graphique<br \/>Mise en page<br \/>Contraintes d&rsquo;impression<\/p><p>\u00a0<\/p>\t\t\t\t\t\t\t\t<\/div>\n\t\t\t\t<\/div>\n\t\t\t\t<div class=\"elementor-element elementor-element-ff6be01 elementor-widget elementor-widget-image\" data-id=\"ff6be01\" data-element_type=\"widget\" data-e-type=\"widget\" data-widget_type=\"image.default\">\n\t\t\t\t<div class=\"elementor-widget-container\">\n\t\t\t\t\t\t\t\t\t\t\t\t\t\t\t<img loading=\"lazy\" decoding=\"async\" width=\"871\" height=\"1024\" src=\"https:\/\/helisa.fr\/wp-content\/uploads\/2025\/06\/Dys-sur-dix-Visuel-02-16-871x1024.jpg\" class=\"attachment-large size-large wp-image-797\" alt=\"\" srcset=\"https:\/\/helisa.fr\/wp-content\/uploads\/2025\/06\/Dys-sur-dix-Visuel-02-16-871x1024.jpg 871w, https:\/\/helisa.fr\/wp-content\/uploads\/2025\/06\/Dys-sur-dix-Visuel-02-16-255x300.jpg 255w, https:\/\/helisa.fr\/wp-content\/uploads\/2025\/06\/Dys-sur-dix-Visuel-02-16-768x903.jpg 768w, https:\/\/helisa.fr\/wp-content\/uploads\/2025\/06\/Dys-sur-dix-Visuel-02-16.jpg 916w\" sizes=\"(max-width: 871px) 100vw, 871px\" \/>\t\t\t\t\t\t\t\t\t\t\t\t\t\t\t<\/div>\n\t\t\t\t<\/div>\n\t\t\t\t<\/div>\n\t\t<div class=\"elementor-element elementor-element-ee213e7 e-con-full e-flex e-con e-child\" data-id=\"ee213e7\" data-element_type=\"container\" data-e-type=\"container\">\n\t\t\t\t<div class=\"elementor-element elementor-element-2b670c1 e-transform elementor-widget elementor-widget-image\" data-id=\"2b670c1\" data-element_type=\"widget\" data-e-type=\"widget\" data-settings=\"{&quot;_transform_rotateZ_effect&quot;:{&quot;unit&quot;:&quot;px&quot;,&quot;size&quot;:0,&quot;sizes&quot;:[]},&quot;_transform_rotateZ_effect_tablet&quot;:{&quot;unit&quot;:&quot;deg&quot;,&quot;size&quot;:&quot;&quot;,&quot;sizes&quot;:[]},&quot;_transform_rotateZ_effect_mobile&quot;:{&quot;unit&quot;:&quot;deg&quot;,&quot;size&quot;:&quot;&quot;,&quot;sizes&quot;:[]}}\" data-widget_type=\"image.default\">\n\t\t\t\t<div class=\"elementor-widget-container\">\n\t\t\t\t\t\t\t\t\t\t\t\t\t\t\t<img loading=\"lazy\" decoding=\"async\" width=\"837\" height=\"1024\" src=\"https:\/\/helisa.fr\/wp-content\/uploads\/2025\/06\/Dys-sur-dix-Visuel-02-11-837x1024.jpg\" class=\"attachment-large size-large wp-image-792\" alt=\"\" srcset=\"https:\/\/helisa.fr\/wp-content\/uploads\/2025\/06\/Dys-sur-dix-Visuel-02-11-837x1024.jpg 837w, https:\/\/helisa.fr\/wp-content\/uploads\/2025\/06\/Dys-sur-dix-Visuel-02-11-245x300.jpg 245w, https:\/\/helisa.fr\/wp-content\/uploads\/2025\/06\/Dys-sur-dix-Visuel-02-11-768x940.jpg 768w, https:\/\/helisa.fr\/wp-content\/uploads\/2025\/06\/Dys-sur-dix-Visuel-02-11.jpg 912w\" sizes=\"(max-width: 837px) 100vw, 837px\" \/>\t\t\t\t\t\t\t\t\t\t\t\t\t\t\t<\/div>\n\t\t\t\t<\/div>\n\t\t\t\t<div class=\"elementor-element elementor-element-a168674 e-transform elementor-widget elementor-widget-image\" data-id=\"a168674\" data-element_type=\"widget\" data-e-type=\"widget\" data-settings=\"{&quot;_transform_rotateZ_effect&quot;:{&quot;unit&quot;:&quot;px&quot;,&quot;size&quot;:0,&quot;sizes&quot;:[]},&quot;_transform_rotateZ_effect_tablet&quot;:{&quot;unit&quot;:&quot;deg&quot;,&quot;size&quot;:&quot;&quot;,&quot;sizes&quot;:[]},&quot;_transform_rotateZ_effect_mobile&quot;:{&quot;unit&quot;:&quot;deg&quot;,&quot;size&quot;:&quot;&quot;,&quot;sizes&quot;:[]}}\" data-widget_type=\"image.default\">\n\t\t\t\t<div class=\"elementor-widget-container\">\n\t\t\t\t\t\t\t\t\t\t\t\t\t\t\t<img loading=\"lazy\" decoding=\"async\" width=\"881\" height=\"1024\" src=\"https:\/\/helisa.fr\/wp-content\/uploads\/2025\/06\/Dys-sur-dix-Visuel-02-13-881x1024.jpg\" class=\"attachment-large size-large wp-image-794\" alt=\"\" srcset=\"https:\/\/helisa.fr\/wp-content\/uploads\/2025\/06\/Dys-sur-dix-Visuel-02-13-881x1024.jpg 881w, https:\/\/helisa.fr\/wp-content\/uploads\/2025\/06\/Dys-sur-dix-Visuel-02-13-258x300.jpg 258w, https:\/\/helisa.fr\/wp-content\/uploads\/2025\/06\/Dys-sur-dix-Visuel-02-13-768x892.jpg 768w, https:\/\/helisa.fr\/wp-content\/uploads\/2025\/06\/Dys-sur-dix-Visuel-02-13.jpg 1193w\" sizes=\"(max-width: 881px) 100vw, 881px\" \/>\t\t\t\t\t\t\t\t\t\t\t\t\t\t\t<\/div>\n\t\t\t\t<\/div>\n\t\t\t\t<div class=\"elementor-element elementor-element-95d8262 elementor-widget__width-inherit elementor-widget elementor-widget-text-editor\" data-id=\"95d8262\" data-element_type=\"widget\" data-e-type=\"widget\" data-widget_type=\"text-editor.default\">\n\t\t\t\t<div class=\"elementor-widget-container\">\n\t\t\t\t\t\t\t\t\t<p><strong>Concept : Jeu de mots<\/strong><\/p>\t\t\t\t\t\t\t\t<\/div>\n\t\t\t\t<\/div>\n\t\t\t\t<div class=\"elementor-element elementor-element-d4c8b67 elementor-widget elementor-widget-text-editor\" data-id=\"d4c8b67\" data-element_type=\"widget\" data-e-type=\"widget\" data-widget_type=\"text-editor.default\">\n\t\t\t\t<div class=\"elementor-widget-container\">\n\t\t\t\t\t\t\t\t\t<p>Recherche d&rsquo;un jeu de mots avec les troubles Dys,\u00a0<span style=\"white-space-collapse: preserve;\">mettant l\u2019accent sur la progression et non sur la perfection.<\/span><\/p>\t\t\t\t\t\t\t\t<\/div>\n\t\t\t\t<\/div>\n\t\t\t\t<div class=\"elementor-element elementor-element-18fce78 e-transform elementor-widget elementor-widget-image\" data-id=\"18fce78\" data-element_type=\"widget\" data-e-type=\"widget\" data-settings=\"{&quot;_transform_rotateZ_effect&quot;:{&quot;unit&quot;:&quot;px&quot;,&quot;size&quot;:0,&quot;sizes&quot;:[]},&quot;_transform_rotateZ_effect_tablet&quot;:{&quot;unit&quot;:&quot;deg&quot;,&quot;size&quot;:&quot;&quot;,&quot;sizes&quot;:[]},&quot;_transform_rotateZ_effect_mobile&quot;:{&quot;unit&quot;:&quot;deg&quot;,&quot;size&quot;:&quot;&quot;,&quot;sizes&quot;:[]}}\" data-widget_type=\"image.default\">\n\t\t\t\t<div class=\"elementor-widget-container\">\n\t\t\t\t\t\t\t\t\t\t\t\t\t\t\t<img loading=\"lazy\" decoding=\"async\" width=\"796\" height=\"1024\" src=\"https:\/\/helisa.fr\/wp-content\/uploads\/2025\/06\/Dys-sur-dix-Visuel-02-14-796x1024.jpg\" class=\"attachment-large size-large wp-image-795\" alt=\"\" srcset=\"https:\/\/helisa.fr\/wp-content\/uploads\/2025\/06\/Dys-sur-dix-Visuel-02-14-796x1024.jpg 796w, https:\/\/helisa.fr\/wp-content\/uploads\/2025\/06\/Dys-sur-dix-Visuel-02-14-233x300.jpg 233w, https:\/\/helisa.fr\/wp-content\/uploads\/2025\/06\/Dys-sur-dix-Visuel-02-14-768x987.jpg 768w, https:\/\/helisa.fr\/wp-content\/uploads\/2025\/06\/Dys-sur-dix-Visuel-02-14-1195x1536.jpg 1195w, https:\/\/helisa.fr\/wp-content\/uploads\/2025\/06\/Dys-sur-dix-Visuel-02-14-1593x2048.jpg 1593w, https:\/\/helisa.fr\/wp-content\/uploads\/2025\/06\/Dys-sur-dix-Visuel-02-14.jpg 1641w\" sizes=\"(max-width: 796px) 100vw, 796px\" \/>\t\t\t\t\t\t\t\t\t\t\t\t\t\t\t<\/div>\n\t\t\t\t<\/div>\n\t\t\t\t<\/div>\n\t\t\t\t\t<\/div>\n\t\t\t\t<\/div>\n\t\t<div class=\"elementor-element elementor-element-8ba6dac e-flex e-con-boxed e-con e-parent\" data-id=\"8ba6dac\" data-element_type=\"container\" data-e-type=\"container\">\n\t\t\t\t\t<div class=\"e-con-inner\">\n\t\t\t\t<div class=\"elementor-element elementor-element-c98010e elementor-widget__width-inherit elementor-widget elementor-widget-html\" data-id=\"c98010e\" data-element_type=\"widget\" data-e-type=\"widget\" data-widget_type=\"html.default\">\n\t\t\t\t<div class=\"elementor-widget-container\">\n\t\t\t\t\t<!-- Bloc navigation pleine largeur -->\n<div class=\"nav-fullwidth\">\n  <a href=\"https:\/\/helisa.fr\/index.php\/magnolia\/\" class=\"nav-gauche\">\n    &#10094; Pr\u00e9c\u00e9dent\n  <\/a>\n  <a href=\"https:\/\/helisa.fr\/index.php\/pyromaz\/\" class=\"nav-droite\">\n    Suivant &#10095;\n  <\/a>\n<\/div>\n\n<style>\n@import url('https:\/\/fonts.googleapis.com\/css2?family=Sora:wght@600&display=swap');\n\n.nav-fullwidth {\n  width: 100%;\n  display: flex;\n  justify-content: space-between; \/* gauche et droite *\/\n  align-items: center;\n  padding: 0 20px; \/* espace par rapport aux bords *\/\n  box-sizing: border-box;\n  height: 80px; \/* ajuste selon tes besoins *\/\n  background: rgba(255, 255, 255, 0.1); \/* optionnel : fond transparent *\/\n}\n\n.nav-fullwidth a {\n  font-family: 'Sora', sans-serif;\n  font-size: 18px;\n  text-decoration: none;\n  color: #333;\n  padding: 10px 15px;\n  border-radius: 8px;\n  transition: background 0.3s, color 0.3s;\n}\n\n.nav-fullwidth a:hover {\n  background: #EF346F;\n  color: #fff;\n}\n<\/style>\n\t\t\t\t<\/div>\n\t\t\t\t<\/div>\n\t\t\t\t\t<\/div>\n\t\t\t\t<\/div>\n\t\t\t\t<\/div>\n\t\t","protected":false},"excerpt":{"rendered":"<p>Dys sur Dix\u00a0 Branding Logotype Recherche de naming et cr\u00e9ation d\u2019une identit\u00e9 visuelle pour une association sp\u00e9cialis\u00e9e dans la d\u00e9tection des troubles du neuro-d\u00e9veloppement chez les jeunes enfants. D\u00e9clinaison de cette identit\u00e9 sur divers supports de communication. Comp\u00e9tences Recherche de NamingCr\u00e9ation LogotypeUnivers graphiqueMise en pageContraintes d&rsquo;impression \u00a0 Concept : Jeu de mots Recherche d&rsquo;un jeu&hellip;&nbsp;<a href=\"https:\/\/helisa.fr\/index.php\/dys-sur-dix\/\" rel=\"bookmark\">Lire la suite &raquo;<span class=\"screen-reader-text\">Dys sur Dix<\/span><\/a><\/p>\n","protected":false},"author":1,"featured_media":0,"parent":0,"menu_order":0,"comment_status":"closed","ping_status":"closed","template":"page-templates\/template-pagebuilder-full-width.php","meta":{"neve_meta_sidebar":"","neve_meta_container":"","neve_meta_enable_content_width":"","neve_meta_content_width":0,"neve_meta_title_alignment":"","neve_meta_author_avatar":"","neve_post_elements_order":"","neve_meta_disable_header":"","neve_meta_disable_footer":"","neve_meta_disable_title":"","_themeisle_gutenberg_block_has_review":false,"footnotes":""},"class_list":["post-9","page","type-page","status-publish","hentry"],"_links":{"self":[{"href":"https:\/\/helisa.fr\/index.php\/wp-json\/wp\/v2\/pages\/9","targetHints":{"allow":["GET"]}}],"collection":[{"href":"https:\/\/helisa.fr\/index.php\/wp-json\/wp\/v2\/pages"}],"about":[{"href":"https:\/\/helisa.fr\/index.php\/wp-json\/wp\/v2\/types\/page"}],"author":[{"embeddable":true,"href":"https:\/\/helisa.fr\/index.php\/wp-json\/wp\/v2\/users\/1"}],"replies":[{"embeddable":true,"href":"https:\/\/helisa.fr\/index.php\/wp-json\/wp\/v2\/comments?post=9"}],"version-history":[{"count":152,"href":"https:\/\/helisa.fr\/index.php\/wp-json\/wp\/v2\/pages\/9\/revisions"}],"predecessor-version":[{"id":1211,"href":"https:\/\/helisa.fr\/index.php\/wp-json\/wp\/v2\/pages\/9\/revisions\/1211"}],"wp:attachment":[{"href":"https:\/\/helisa.fr\/index.php\/wp-json\/wp\/v2\/media?parent=9"}],"curies":[{"name":"wp","href":"https:\/\/api.w.org\/{rel}","templated":true}]}}