{"id":908,"date":"2025-06-19T16:09:07","date_gmt":"2025-06-19T14:09:07","guid":{"rendered":"https:\/\/helisa.fr\/?page_id=908"},"modified":"2025-08-27T14:44:56","modified_gmt":"2025-08-27T12:44:56","slug":"des-racines-et-des-pelles","status":"publish","type":"page","link":"https:\/\/helisa.fr\/index.php\/des-racines-et-des-pelles\/","title":{"rendered":"Des racines et des pelles"},"content":{"rendered":"\t\t<div data-elementor-type=\"wp-page\" data-elementor-id=\"908\" class=\"elementor elementor-908\">\n\t\t\t\t<div class=\"elementor-element elementor-element-4594d99 e-con-full e-flex e-con e-parent\" data-id=\"4594d99\" data-element_type=\"container\" data-e-type=\"container\" data-settings=\"{&quot;background_background&quot;:&quot;classic&quot;}\">\n\t\t<div class=\"elementor-element elementor-element-79444d9 e-con-full e-flex e-con e-child\" data-id=\"79444d9\" data-element_type=\"container\" data-e-type=\"container\">\n\t\t\t\t<div class=\"elementor-element elementor-element-5d5108c elementor-widget-tablet__width-initial elementor-widget elementor-widget-image\" data-id=\"5d5108c\" data-element_type=\"widget\" data-e-type=\"widget\" data-widget_type=\"image.default\">\n\t\t\t\t<div class=\"elementor-widget-container\">\n\t\t\t\t\t\t\t\t\t\t\t\t\t\t\t<img fetchpriority=\"high\" decoding=\"async\" width=\"576\" height=\"567\" src=\"https:\/\/helisa.fr\/wp-content\/uploads\/2025\/06\/Des-rzcines-et-des-pelles-web-01.png\" class=\"attachment-large size-large wp-image-1002\" alt=\"\" srcset=\"https:\/\/helisa.fr\/wp-content\/uploads\/2025\/06\/Des-rzcines-et-des-pelles-web-01.png 576w, https:\/\/helisa.fr\/wp-content\/uploads\/2025\/06\/Des-rzcines-et-des-pelles-web-01-300x295.png 300w\" sizes=\"(max-width: 576px) 100vw, 576px\" \/>\t\t\t\t\t\t\t\t\t\t\t\t\t\t\t<\/div>\n\t\t\t\t<\/div>\n\t\t\t\t<\/div>\n\t\t<div class=\"elementor-element elementor-element-ec00559 e-con-full e-flex e-con e-child\" data-id=\"ec00559\" data-element_type=\"container\" data-e-type=\"container\">\n\t\t\t\t<div class=\"elementor-element elementor-element-2b6a7f3 elementor-widget__width-inherit elementor-widget-mobile__width-inherit elementor-widget elementor-widget-text-editor\" data-id=\"2b6a7f3\" data-element_type=\"widget\" data-e-type=\"widget\" data-widget_type=\"text-editor.default\">\n\t\t\t\t<div class=\"elementor-widget-container\">\n\t\t\t\t\t\t\t\t\t<h2>Des Racines et des Pelles<\/h2>\t\t\t\t\t\t\t\t<\/div>\n\t\t\t\t<\/div>\n\t\t\t\t<div class=\"elementor-element elementor-element-da66783 elementor-widget elementor-widget-text-editor\" data-id=\"da66783\" data-element_type=\"widget\" data-e-type=\"widget\" data-widget_type=\"text-editor.default\">\n\t\t\t\t<div class=\"elementor-widget-container\">\n\t\t\t\t\t\t\t\t\t<h6><span class=\"highlight\">Branding<\/span> <span class=\"highlight-rose\">Logotype<\/span><\/h6>\t\t\t\t\t\t\t\t<\/div>\n\t\t\t\t<\/div>\n\t\t\t\t<div class=\"elementor-element elementor-element-9e6094d elementor-widget-mobile__width-inherit elementor-widget elementor-widget-text-editor\" data-id=\"9e6094d\" data-element_type=\"widget\" data-e-type=\"widget\" data-widget_type=\"text-editor.default\">\n\t\t\t\t<div class=\"elementor-widget-container\">\n\t\t\t\t\t\t\t\t\t<p>Recherche de naming et cr\u00e9ation d\u2019une identit\u00e9 visuelle pour un paysagiste bordelais. D\u00e9clinaison de cette identit\u00e9 sur divers supports de communication.<\/p>\t\t\t\t\t\t\t\t<\/div>\n\t\t\t\t<\/div>\n\t\t<div class=\"elementor-element elementor-element-4efff61 e-grid e-con-full e-con e-child\" data-id=\"4efff61\" data-element_type=\"container\" data-e-type=\"container\">\n\t\t\t\t<div class=\"elementor-element elementor-element-c284422 elementor-widget elementor-widget-image\" data-id=\"c284422\" data-element_type=\"widget\" data-e-type=\"widget\" data-widget_type=\"image.default\">\n\t\t\t\t<div class=\"elementor-widget-container\">\n\t\t\t\t\t\t\t\t\t\t\t\t\t\t\t<img decoding=\"async\" width=\"150\" height=\"134\" src=\"https:\/\/helisa.fr\/wp-content\/uploads\/2025\/06\/logiciel-37-150x134.png\" class=\"attachment-thumbnail size-thumbnail wp-image-673\" alt=\"\" \/>\t\t\t\t\t\t\t\t\t\t\t\t\t\t\t<\/div>\n\t\t\t\t<\/div>\n\t\t\t\t<div class=\"elementor-element elementor-element-109e853 elementor-widget elementor-widget-image\" data-id=\"109e853\" data-element_type=\"widget\" data-e-type=\"widget\" data-widget_type=\"image.default\">\n\t\t\t\t<div class=\"elementor-widget-container\">\n\t\t\t\t\t\t\t\t\t\t\t\t\t\t\t<img decoding=\"async\" width=\"150\" height=\"134\" src=\"https:\/\/helisa.fr\/wp-content\/uploads\/2025\/06\/logiciel-36-150x134.png\" class=\"attachment-thumbnail size-thumbnail wp-image-672\" alt=\"\" \/>\t\t\t\t\t\t\t\t\t\t\t\t\t\t\t<\/div>\n\t\t\t\t<\/div>\n\t\t\t\t<\/div>\n\t\t\t\t<\/div>\n\t\t\t\t<\/div>\n\t\t<div class=\"elementor-element elementor-element-92e0c51 e-flex e-con-boxed e-con e-parent\" data-id=\"92e0c51\" data-element_type=\"container\" data-e-type=\"container\">\n\t\t\t\t\t<div class=\"e-con-inner\">\n\t\t<div class=\"elementor-element elementor-element-f912c2d e-con-full e-flex e-con e-child\" data-id=\"f912c2d\" data-element_type=\"container\" data-e-type=\"container\">\n\t\t\t\t<div class=\"elementor-element elementor-element-ad80287 elementor-widget elementor-widget-image\" data-id=\"ad80287\" data-element_type=\"widget\" data-e-type=\"widget\" data-widget_type=\"image.default\">\n\t\t\t\t<div class=\"elementor-widget-container\">\n\t\t\t\t\t\t\t\t\t\t\t\t\t\t\t<img loading=\"lazy\" decoding=\"async\" width=\"1024\" height=\"830\" src=\"https:\/\/helisa.fr\/wp-content\/uploads\/2025\/06\/Des-rzcines-et-des-pelles-web-02-1024x830.png\" class=\"attachment-large size-large wp-image-1003\" alt=\"\" srcset=\"https:\/\/helisa.fr\/wp-content\/uploads\/2025\/06\/Des-rzcines-et-des-pelles-web-02-1024x830.png 1024w, https:\/\/helisa.fr\/wp-content\/uploads\/2025\/06\/Des-rzcines-et-des-pelles-web-02-300x243.png 300w, https:\/\/helisa.fr\/wp-content\/uploads\/2025\/06\/Des-rzcines-et-des-pelles-web-02-768x623.png 768w, https:\/\/helisa.fr\/wp-content\/uploads\/2025\/06\/Des-rzcines-et-des-pelles-web-02.png 1046w\" sizes=\"(max-width: 1024px) 100vw, 1024px\" \/>\t\t\t\t\t\t\t\t\t\t\t\t\t\t\t<\/div>\n\t\t\t\t<\/div>\n\t\t\t\t<div class=\"elementor-element elementor-element-913fdf1 elementor-widget elementor-widget-image\" data-id=\"913fdf1\" data-element_type=\"widget\" data-e-type=\"widget\" data-widget_type=\"image.default\">\n\t\t\t\t<div class=\"elementor-widget-container\">\n\t\t\t\t\t\t\t\t\t\t\t\t\t\t\t<img loading=\"lazy\" decoding=\"async\" width=\"1024\" height=\"741\" src=\"https:\/\/helisa.fr\/wp-content\/uploads\/2025\/06\/Des-rzcines-et-des-pelles-web-07-1024x741.png\" class=\"attachment-large size-large wp-image-1009\" alt=\"\" srcset=\"https:\/\/helisa.fr\/wp-content\/uploads\/2025\/06\/Des-rzcines-et-des-pelles-web-07-1024x741.png 1024w, https:\/\/helisa.fr\/wp-content\/uploads\/2025\/06\/Des-rzcines-et-des-pelles-web-07-300x217.png 300w, https:\/\/helisa.fr\/wp-content\/uploads\/2025\/06\/Des-rzcines-et-des-pelles-web-07-768x556.png 768w, https:\/\/helisa.fr\/wp-content\/uploads\/2025\/06\/Des-rzcines-et-des-pelles-web-07.png 1046w\" sizes=\"(max-width: 1024px) 100vw, 1024px\" \/>\t\t\t\t\t\t\t\t\t\t\t\t\t\t\t<\/div>\n\t\t\t\t<\/div>\n\t\t\t\t<div class=\"elementor-element elementor-element-f1237b5 elementor-widget elementor-widget-image\" data-id=\"f1237b5\" data-element_type=\"widget\" data-e-type=\"widget\" data-widget_type=\"image.default\">\n\t\t\t\t<div class=\"elementor-widget-container\">\n\t\t\t\t\t\t\t\t\t\t\t\t\t\t\t<img loading=\"lazy\" decoding=\"async\" width=\"1024\" height=\"941\" src=\"https:\/\/helisa.fr\/wp-content\/uploads\/2025\/06\/Des-rzcines-et-des-pelles-web-06-1024x941.png\" class=\"attachment-large size-large wp-image-1008\" alt=\"\" srcset=\"https:\/\/helisa.fr\/wp-content\/uploads\/2025\/06\/Des-rzcines-et-des-pelles-web-06-1024x941.png 1024w, https:\/\/helisa.fr\/wp-content\/uploads\/2025\/06\/Des-rzcines-et-des-pelles-web-06-300x276.png 300w, https:\/\/helisa.fr\/wp-content\/uploads\/2025\/06\/Des-rzcines-et-des-pelles-web-06-768x706.png 768w, https:\/\/helisa.fr\/wp-content\/uploads\/2025\/06\/Des-rzcines-et-des-pelles-web-06.png 1045w\" sizes=\"(max-width: 1024px) 100vw, 1024px\" \/>\t\t\t\t\t\t\t\t\t\t\t\t\t\t\t<\/div>\n\t\t\t\t<\/div>\n\t\t\t\t<\/div>\n\t\t<div class=\"elementor-element elementor-element-09350ac e-con-full e-flex e-con e-child\" data-id=\"09350ac\" data-element_type=\"container\" data-e-type=\"container\">\n\t\t\t\t<div class=\"elementor-element elementor-element-1551e93 elementor-widget elementor-widget-image\" data-id=\"1551e93\" data-element_type=\"widget\" data-e-type=\"widget\" data-widget_type=\"image.default\">\n\t\t\t\t<div class=\"elementor-widget-container\">\n\t\t\t\t\t\t\t\t\t\t\t\t\t\t\t<img loading=\"lazy\" decoding=\"async\" width=\"1024\" height=\"719\" src=\"https:\/\/helisa.fr\/wp-content\/uploads\/2025\/06\/Des-rzcines-et-des-pelles-web-04-1024x719.png\" class=\"attachment-large size-large wp-image-1005\" alt=\"\" srcset=\"https:\/\/helisa.fr\/wp-content\/uploads\/2025\/06\/Des-rzcines-et-des-pelles-web-04-1024x719.png 1024w, https:\/\/helisa.fr\/wp-content\/uploads\/2025\/06\/Des-rzcines-et-des-pelles-web-04-300x211.png 300w, https:\/\/helisa.fr\/wp-content\/uploads\/2025\/06\/Des-rzcines-et-des-pelles-web-04-768x539.png 768w, https:\/\/helisa.fr\/wp-content\/uploads\/2025\/06\/Des-rzcines-et-des-pelles-web-04.png 1047w\" sizes=\"(max-width: 1024px) 100vw, 1024px\" \/>\t\t\t\t\t\t\t\t\t\t\t\t\t\t\t<\/div>\n\t\t\t\t<\/div>\n\t\t\t\t<div class=\"elementor-element elementor-element-c6a07da elementor-widget elementor-widget-image\" data-id=\"c6a07da\" data-element_type=\"widget\" data-e-type=\"widget\" data-widget_type=\"image.default\">\n\t\t\t\t<div class=\"elementor-widget-container\">\n\t\t\t\t\t\t\t\t\t\t\t\t\t\t\t<img loading=\"lazy\" decoding=\"async\" width=\"1024\" height=\"683\" src=\"https:\/\/helisa.fr\/wp-content\/uploads\/2025\/06\/Des-rzcines-et-des-pelles-web-03-1024x683.png\" class=\"attachment-large size-large wp-image-1004\" alt=\"\" srcset=\"https:\/\/helisa.fr\/wp-content\/uploads\/2025\/06\/Des-rzcines-et-des-pelles-web-03-1024x683.png 1024w, https:\/\/helisa.fr\/wp-content\/uploads\/2025\/06\/Des-rzcines-et-des-pelles-web-03-300x200.png 300w, https:\/\/helisa.fr\/wp-content\/uploads\/2025\/06\/Des-rzcines-et-des-pelles-web-03-768x512.png 768w, https:\/\/helisa.fr\/wp-content\/uploads\/2025\/06\/Des-rzcines-et-des-pelles-web-03-930x620.png 930w, https:\/\/helisa.fr\/wp-content\/uploads\/2025\/06\/Des-rzcines-et-des-pelles-web-03.png 1047w\" sizes=\"(max-width: 1024px) 100vw, 1024px\" \/>\t\t\t\t\t\t\t\t\t\t\t\t\t\t\t<\/div>\n\t\t\t\t<\/div>\n\t\t\t\t<div class=\"elementor-element elementor-element-0b79f9e elementor-widget elementor-widget-image\" data-id=\"0b79f9e\" data-element_type=\"widget\" data-e-type=\"widget\" data-widget_type=\"image.default\">\n\t\t\t\t<div class=\"elementor-widget-container\">\n\t\t\t\t\t\t\t\t\t\t\t\t\t\t\t<img loading=\"lazy\" decoding=\"async\" width=\"1024\" height=\"683\" src=\"https:\/\/helisa.fr\/wp-content\/uploads\/2025\/06\/Des-rzcines-et-des-pelles-web-05-1024x683.png\" class=\"attachment-large size-large wp-image-1007\" alt=\"\" srcset=\"https:\/\/helisa.fr\/wp-content\/uploads\/2025\/06\/Des-rzcines-et-des-pelles-web-05-1024x683.png 1024w, https:\/\/helisa.fr\/wp-content\/uploads\/2025\/06\/Des-rzcines-et-des-pelles-web-05-300x200.png 300w, https:\/\/helisa.fr\/wp-content\/uploads\/2025\/06\/Des-rzcines-et-des-pelles-web-05-768x512.png 768w, https:\/\/helisa.fr\/wp-content\/uploads\/2025\/06\/Des-rzcines-et-des-pelles-web-05-930x620.png 930w, https:\/\/helisa.fr\/wp-content\/uploads\/2025\/06\/Des-rzcines-et-des-pelles-web-05.png 1029w\" sizes=\"(max-width: 1024px) 100vw, 1024px\" \/>\t\t\t\t\t\t\t\t\t\t\t\t\t\t\t<\/div>\n\t\t\t\t<\/div>\n\t\t\t\t<div class=\"elementor-element elementor-element-e63e520 elementor-widget elementor-widget-image\" data-id=\"e63e520\" data-element_type=\"widget\" data-e-type=\"widget\" data-widget_type=\"image.default\">\n\t\t\t\t<div class=\"elementor-widget-container\">\n\t\t\t\t\t\t\t\t\t\t\t\t\t\t\t<img loading=\"lazy\" decoding=\"async\" width=\"1024\" height=\"412\" src=\"https:\/\/helisa.fr\/wp-content\/uploads\/2025\/06\/Des-rzcines-et-des-pelles-web-08-1024x412.png\" class=\"attachment-large size-large wp-image-1010\" alt=\"\" srcset=\"https:\/\/helisa.fr\/wp-content\/uploads\/2025\/06\/Des-rzcines-et-des-pelles-web-08-1024x412.png 1024w, https:\/\/helisa.fr\/wp-content\/uploads\/2025\/06\/Des-rzcines-et-des-pelles-web-08-300x121.png 300w, https:\/\/helisa.fr\/wp-content\/uploads\/2025\/06\/Des-rzcines-et-des-pelles-web-08-768x309.png 768w, https:\/\/helisa.fr\/wp-content\/uploads\/2025\/06\/Des-rzcines-et-des-pelles-web-08.png 1038w\" sizes=\"(max-width: 1024px) 100vw, 1024px\" \/>\t\t\t\t\t\t\t\t\t\t\t\t\t\t\t<\/div>\n\t\t\t\t<\/div>\n\t\t\t\t<\/div>\n\t\t\t\t\t<\/div>\n\t\t\t\t<\/div>\n\t\t<div class=\"elementor-element elementor-element-49454e2 e-flex e-con-boxed e-con e-parent\" data-id=\"49454e2\" data-element_type=\"container\" data-e-type=\"container\">\n\t\t\t\t\t<div class=\"e-con-inner\">\n\t\t\t\t<div class=\"elementor-element elementor-element-e9a047e elementor-widget__width-inherit elementor-widget elementor-widget-html\" data-id=\"e9a047e\" data-element_type=\"widget\" data-e-type=\"widget\" data-widget_type=\"html.default\">\n\t\t\t\t<div class=\"elementor-widget-container\">\n\t\t\t\t\t<!-- Bloc navigation pleine largeur -->\n<div class=\"nav-fullwidth\">\n  <a href=\"https:\/\/helisa.fr\/index.php\/pyromaz\/\" class=\"nav-gauche\">\n    &#10094; Pr\u00e9c\u00e9dent\n  <\/a>\n  <a href=\"https:\/\/helisa.fr\/index.php\/temps-dance\/\" class=\"nav-droite\">\n    Suivant &#10095;\n  <\/a>\n<\/div>\n\n<style>\n@import url('https:\/\/fonts.googleapis.com\/css2?family=Sora:wght@600&display=swap');\n\n.nav-fullwidth {\n  width: 100%;\n  display: flex;\n  justify-content: space-between; \/* gauche et droite *\/\n  align-items: center;\n  padding: 0 20px; \/* espace par rapport aux bords *\/\n  box-sizing: border-box;\n  height: 80px; \/* ajuste selon tes besoins *\/\n  background: rgba(255, 255, 255, 0.1); \/* optionnel : fond transparent *\/\n}\n\n.nav-fullwidth a {\n  font-family: 'Sora', sans-serif;\n  font-size: 18px;\n  text-decoration: none;\n  color: #333;\n  padding: 10px 15px;\n  border-radius: 8px;\n  transition: background 0.3s, color 0.3s;\n}\n\n.nav-fullwidth a:hover {\n  background: #EF346F;\n  color: #fff;\n}\n<\/style>\n\t\t\t\t<\/div>\n\t\t\t\t<\/div>\n\t\t\t\t\t<\/div>\n\t\t\t\t<\/div>\n\t\t\t\t<\/div>\n\t\t","protected":false},"excerpt":{"rendered":"<p>Des Racines et des Pelles Branding Logotype Recherche de naming et cr\u00e9ation d\u2019une identit\u00e9 visuelle pour un paysagiste bordelais. D\u00e9clinaison de cette identit\u00e9 sur divers supports de communication. &#10094; Pr\u00e9c\u00e9dent Suivant &#10095;<\/p>\n","protected":false},"author":1,"featured_media":0,"parent":0,"menu_order":0,"comment_status":"closed","ping_status":"closed","template":"page-templates\/template-pagebuilder-full-width.php","meta":{"neve_meta_sidebar":"","neve_meta_container":"","neve_meta_enable_content_width":"","neve_meta_content_width":0,"neve_meta_title_alignment":"","neve_meta_author_avatar":"","neve_post_elements_order":"","neve_meta_disable_header":"","neve_meta_disable_footer":"","neve_meta_disable_title":"","_themeisle_gutenberg_block_has_review":false,"footnotes":""},"class_list":["post-908","page","type-page","status-publish","hentry"],"_links":{"self":[{"href":"https:\/\/helisa.fr\/index.php\/wp-json\/wp\/v2\/pages\/908","targetHints":{"allow":["GET"]}}],"collection":[{"href":"https:\/\/helisa.fr\/index.php\/wp-json\/wp\/v2\/pages"}],"about":[{"href":"https:\/\/helisa.fr\/index.php\/wp-json\/wp\/v2\/types\/page"}],"author":[{"embeddable":true,"href":"https:\/\/helisa.fr\/index.php\/wp-json\/wp\/v2\/users\/1"}],"replies":[{"embeddable":true,"href":"https:\/\/helisa.fr\/index.php\/wp-json\/wp\/v2\/comments?post=908"}],"version-history":[{"count":10,"href":"https:\/\/helisa.fr\/index.php\/wp-json\/wp\/v2\/pages\/908\/revisions"}],"predecessor-version":[{"id":1217,"href":"https:\/\/helisa.fr\/index.php\/wp-json\/wp\/v2\/pages\/908\/revisions\/1217"}],"wp:attachment":[{"href":"https:\/\/helisa.fr\/index.php\/wp-json\/wp\/v2\/media?parent=908"}],"curies":[{"name":"wp","href":"https:\/\/api.w.org\/{rel}","templated":true}]}}