{"id":924,"date":"2025-06-20T11:36:20","date_gmt":"2025-06-20T09:36:20","guid":{"rendered":"https:\/\/helisa.fr\/?page_id=924"},"modified":"2025-08-27T14:46:10","modified_gmt":"2025-08-27T12:46:10","slug":"temps-dance","status":"publish","type":"page","link":"https:\/\/helisa.fr\/index.php\/temps-dance\/","title":{"rendered":"Temps Dance"},"content":{"rendered":"\t\t<div data-elementor-type=\"wp-page\" data-elementor-id=\"924\" class=\"elementor elementor-924\">\n\t\t\t\t<div class=\"elementor-element elementor-element-4348057 e-con-full e-flex e-con e-parent\" data-id=\"4348057\" data-element_type=\"container\" data-e-type=\"container\" data-settings=\"{&quot;background_background&quot;:&quot;classic&quot;}\">\n\t\t<div class=\"elementor-element elementor-element-7b76a0e e-con-full e-flex e-con e-child\" data-id=\"7b76a0e\" data-element_type=\"container\" data-e-type=\"container\">\n\t\t\t\t<div class=\"elementor-element elementor-element-d23b27d elementor-widget-tablet__width-initial elementor-widget elementor-widget-image\" data-id=\"d23b27d\" data-element_type=\"widget\" data-e-type=\"widget\" data-widget_type=\"image.default\">\n\t\t\t\t<div class=\"elementor-widget-container\">\n\t\t\t\t\t\t\t\t\t\t\t\t\t\t\t<img fetchpriority=\"high\" decoding=\"async\" width=\"472\" height=\"294\" src=\"https:\/\/helisa.fr\/wp-content\/uploads\/2025\/06\/Logo-temps-danse.png\" class=\"attachment-large size-large wp-image-932\" alt=\"\" srcset=\"https:\/\/helisa.fr\/wp-content\/uploads\/2025\/06\/Logo-temps-danse.png 472w, https:\/\/helisa.fr\/wp-content\/uploads\/2025\/06\/Logo-temps-danse-300x187.png 300w\" sizes=\"(max-width: 472px) 100vw, 472px\" \/>\t\t\t\t\t\t\t\t\t\t\t\t\t\t\t<\/div>\n\t\t\t\t<\/div>\n\t\t\t\t<\/div>\n\t\t<div class=\"elementor-element elementor-element-3294693 e-con-full e-flex e-con e-child\" data-id=\"3294693\" data-element_type=\"container\" data-e-type=\"container\">\n\t\t\t\t<div class=\"elementor-element elementor-element-52e9f96 elementor-widget__width-inherit elementor-widget-mobile__width-inherit elementor-widget elementor-widget-text-editor\" data-id=\"52e9f96\" data-element_type=\"widget\" data-e-type=\"widget\" data-widget_type=\"text-editor.default\">\n\t\t\t\t<div class=\"elementor-widget-container\">\n\t\t\t\t\t\t\t\t\t<h2>Temps Danse<\/h2>\t\t\t\t\t\t\t\t<\/div>\n\t\t\t\t<\/div>\n\t\t\t\t<div class=\"elementor-element elementor-element-47797c4 elementor-widget elementor-widget-text-editor\" data-id=\"47797c4\" data-element_type=\"widget\" data-e-type=\"widget\" data-widget_type=\"text-editor.default\">\n\t\t\t\t<div class=\"elementor-widget-container\">\n\t\t\t\t\t\t\t\t\t<h6><span class=\"highlight-bleu\">Mise en page<\/span> <span class=\"highlight-rose\">Logotype<\/span><\/h6>\t\t\t\t\t\t\t\t<\/div>\n\t\t\t\t<\/div>\n\t\t\t\t<div class=\"elementor-element elementor-element-bee5875 elementor-widget-mobile__width-inherit elementor-widget elementor-widget-text-editor\" data-id=\"bee5875\" data-element_type=\"widget\" data-e-type=\"widget\" data-widget_type=\"text-editor.default\">\n\t\t\t\t<div class=\"elementor-widget-container\">\n\t\t\t\t\t\t\t\t\t<p>Cr\u00e9ation d\u2019un logo pour une association sp\u00e9cialis\u00e9e dans la danse, le bien \u00eatre et le fitness. D\u00e9clinaison du logo sur divers supports de communication.<\/p>\t\t\t\t\t\t\t\t<\/div>\n\t\t\t\t<\/div>\n\t\t<div class=\"elementor-element elementor-element-1a0d5dc e-grid e-con-full e-con e-child\" data-id=\"1a0d5dc\" data-element_type=\"container\" data-e-type=\"container\">\n\t\t\t\t<div class=\"elementor-element elementor-element-252b090 elementor-widget elementor-widget-image\" data-id=\"252b090\" data-element_type=\"widget\" data-e-type=\"widget\" data-widget_type=\"image.default\">\n\t\t\t\t<div class=\"elementor-widget-container\">\n\t\t\t\t\t\t\t\t\t\t\t\t\t\t\t<img decoding=\"async\" width=\"150\" height=\"134\" src=\"https:\/\/helisa.fr\/wp-content\/uploads\/2025\/06\/logiciel-37-150x134.png\" class=\"attachment-thumbnail size-thumbnail wp-image-673\" alt=\"\" \/>\t\t\t\t\t\t\t\t\t\t\t\t\t\t\t<\/div>\n\t\t\t\t<\/div>\n\t\t\t\t<div class=\"elementor-element elementor-element-3659261 elementor-widget elementor-widget-image\" data-id=\"3659261\" data-element_type=\"widget\" data-e-type=\"widget\" data-widget_type=\"image.default\">\n\t\t\t\t<div class=\"elementor-widget-container\">\n\t\t\t\t\t\t\t\t\t\t\t\t\t\t\t<img decoding=\"async\" width=\"150\" height=\"134\" src=\"https:\/\/helisa.fr\/wp-content\/uploads\/2025\/06\/logiciel-36-150x134.png\" class=\"attachment-thumbnail size-thumbnail wp-image-672\" alt=\"\" \/>\t\t\t\t\t\t\t\t\t\t\t\t\t\t\t<\/div>\n\t\t\t\t<\/div>\n\t\t\t\t<div class=\"elementor-element elementor-element-58615e8 elementor-widget elementor-widget-image\" data-id=\"58615e8\" data-element_type=\"widget\" data-e-type=\"widget\" data-widget_type=\"image.default\">\n\t\t\t\t<div class=\"elementor-widget-container\">\n\t\t\t\t\t\t\t\t\t\t\t\t\t\t\t<img loading=\"lazy\" decoding=\"async\" width=\"215\" height=\"134\" src=\"https:\/\/helisa.fr\/wp-content\/uploads\/2025\/06\/logiciel-35.png\" class=\"attachment-medium size-medium wp-image-671\" alt=\"\" \/>\t\t\t\t\t\t\t\t\t\t\t\t\t\t\t<\/div>\n\t\t\t\t<\/div>\n\t\t\t\t<\/div>\n\t\t\t\t<\/div>\n\t\t\t\t<\/div>\n\t\t<div class=\"elementor-element elementor-element-02045c9 e-flex e-con-boxed e-con e-parent\" data-id=\"02045c9\" data-element_type=\"container\" data-e-type=\"container\">\n\t\t\t\t\t<div class=\"e-con-inner\">\n\t\t<div class=\"elementor-element elementor-element-a5f5b8a e-con-full e-flex e-con e-child\" data-id=\"a5f5b8a\" data-element_type=\"container\" data-e-type=\"container\">\n\t\t\t\t<div class=\"elementor-element elementor-element-6fc5a3b elementor-widget elementor-widget-image\" data-id=\"6fc5a3b\" data-element_type=\"widget\" data-e-type=\"widget\" data-widget_type=\"image.default\">\n\t\t\t\t<div class=\"elementor-widget-container\">\n\t\t\t\t\t\t\t\t\t\t\t\t\t\t\t<img loading=\"lazy\" decoding=\"async\" width=\"1024\" height=\"552\" src=\"https:\/\/helisa.fr\/wp-content\/uploads\/2025\/06\/Logo-temps-danse-02-1024x552.jpg\" class=\"attachment-large size-large wp-image-926\" alt=\"\" srcset=\"https:\/\/helisa.fr\/wp-content\/uploads\/2025\/06\/Logo-temps-danse-02-1024x552.jpg 1024w, https:\/\/helisa.fr\/wp-content\/uploads\/2025\/06\/Logo-temps-danse-02-300x162.jpg 300w, https:\/\/helisa.fr\/wp-content\/uploads\/2025\/06\/Logo-temps-danse-02-768x414.jpg 768w, https:\/\/helisa.fr\/wp-content\/uploads\/2025\/06\/Logo-temps-danse-02-1536x828.jpg 1536w, https:\/\/helisa.fr\/wp-content\/uploads\/2025\/06\/Logo-temps-danse-02.jpg 1772w\" sizes=\"(max-width: 1024px) 100vw, 1024px\" \/>\t\t\t\t\t\t\t\t\t\t\t\t\t\t\t<\/div>\n\t\t\t\t<\/div>\n\t\t\t\t<div class=\"elementor-element elementor-element-395921c elementor-widget elementor-widget-image\" data-id=\"395921c\" data-element_type=\"widget\" data-e-type=\"widget\" data-widget_type=\"image.default\">\n\t\t\t\t<div class=\"elementor-widget-container\">\n\t\t\t\t\t\t\t\t\t\t\t\t\t\t\t<img loading=\"lazy\" decoding=\"async\" width=\"1024\" height=\"619\" src=\"https:\/\/helisa.fr\/wp-content\/uploads\/2025\/06\/Logo-temps-danse-04-1024x619.jpg\" class=\"attachment-large size-large wp-image-928\" alt=\"\" srcset=\"https:\/\/helisa.fr\/wp-content\/uploads\/2025\/06\/Logo-temps-danse-04-1024x619.jpg 1024w, https:\/\/helisa.fr\/wp-content\/uploads\/2025\/06\/Logo-temps-danse-04-300x181.jpg 300w, https:\/\/helisa.fr\/wp-content\/uploads\/2025\/06\/Logo-temps-danse-04-768x464.jpg 768w, https:\/\/helisa.fr\/wp-content\/uploads\/2025\/06\/Logo-temps-danse-04-1536x929.jpg 1536w, https:\/\/helisa.fr\/wp-content\/uploads\/2025\/06\/Logo-temps-danse-04.jpg 1588w\" sizes=\"(max-width: 1024px) 100vw, 1024px\" \/>\t\t\t\t\t\t\t\t\t\t\t\t\t\t\t<\/div>\n\t\t\t\t<\/div>\n\t\t\t\t<div class=\"elementor-element elementor-element-762e311 elementor-widget elementor-widget-image\" data-id=\"762e311\" data-element_type=\"widget\" data-e-type=\"widget\" data-widget_type=\"image.default\">\n\t\t\t\t<div class=\"elementor-widget-container\">\n\t\t\t\t\t\t\t\t\t\t\t\t\t\t\t<img loading=\"lazy\" decoding=\"async\" width=\"1024\" height=\"816\" src=\"https:\/\/helisa.fr\/wp-content\/uploads\/2025\/06\/Logo-temps-danse-06-1024x816.jpg\" class=\"attachment-large size-large wp-image-930\" alt=\"\" srcset=\"https:\/\/helisa.fr\/wp-content\/uploads\/2025\/06\/Logo-temps-danse-06-1024x816.jpg 1024w, https:\/\/helisa.fr\/wp-content\/uploads\/2025\/06\/Logo-temps-danse-06-300x239.jpg 300w, https:\/\/helisa.fr\/wp-content\/uploads\/2025\/06\/Logo-temps-danse-06-768x612.jpg 768w, https:\/\/helisa.fr\/wp-content\/uploads\/2025\/06\/Logo-temps-danse-06-1536x1224.jpg 1536w, https:\/\/helisa.fr\/wp-content\/uploads\/2025\/06\/Logo-temps-danse-06.jpg 1772w\" sizes=\"(max-width: 1024px) 100vw, 1024px\" \/>\t\t\t\t\t\t\t\t\t\t\t\t\t\t\t<\/div>\n\t\t\t\t<\/div>\n\t\t\t\t<\/div>\n\t\t<div class=\"elementor-element elementor-element-66244f8 e-con-full e-flex e-con e-child\" data-id=\"66244f8\" data-element_type=\"container\" data-e-type=\"container\">\n\t\t\t\t<div class=\"elementor-element elementor-element-cb7b950 elementor-widget elementor-widget-image\" data-id=\"cb7b950\" data-element_type=\"widget\" data-e-type=\"widget\" data-widget_type=\"image.default\">\n\t\t\t\t<div class=\"elementor-widget-container\">\n\t\t\t\t\t\t\t\t\t\t\t\t\t\t\t<img loading=\"lazy\" decoding=\"async\" width=\"612\" height=\"1024\" src=\"https:\/\/helisa.fr\/wp-content\/uploads\/2025\/06\/Logo-temps-danse-03-612x1024.jpg\" class=\"attachment-large size-large wp-image-927\" alt=\"\" srcset=\"https:\/\/helisa.fr\/wp-content\/uploads\/2025\/06\/Logo-temps-danse-03-612x1024.jpg 612w, https:\/\/helisa.fr\/wp-content\/uploads\/2025\/06\/Logo-temps-danse-03-179x300.jpg 179w, https:\/\/helisa.fr\/wp-content\/uploads\/2025\/06\/Logo-temps-danse-03-768x1284.jpg 768w, https:\/\/helisa.fr\/wp-content\/uploads\/2025\/06\/Logo-temps-danse-03-919x1536.jpg 919w, https:\/\/helisa.fr\/wp-content\/uploads\/2025\/06\/Logo-temps-danse-03.jpg 1010w\" sizes=\"(max-width: 612px) 100vw, 612px\" \/>\t\t\t\t\t\t\t\t\t\t\t\t\t\t\t<\/div>\n\t\t\t\t<\/div>\n\t\t\t\t<div class=\"elementor-element elementor-element-ba7febd elementor-widget elementor-widget-image\" data-id=\"ba7febd\" data-element_type=\"widget\" data-e-type=\"widget\" data-widget_type=\"image.default\">\n\t\t\t\t<div class=\"elementor-widget-container\">\n\t\t\t\t\t\t\t\t\t\t\t\t\t\t\t<img loading=\"lazy\" decoding=\"async\" width=\"678\" height=\"1024\" src=\"https:\/\/helisa.fr\/wp-content\/uploads\/2025\/06\/Logo-temps-danse-05-678x1024.jpg\" class=\"attachment-large size-large wp-image-929\" alt=\"\" srcset=\"https:\/\/helisa.fr\/wp-content\/uploads\/2025\/06\/Logo-temps-danse-05-678x1024.jpg 678w, https:\/\/helisa.fr\/wp-content\/uploads\/2025\/06\/Logo-temps-danse-05-199x300.jpg 199w, https:\/\/helisa.fr\/wp-content\/uploads\/2025\/06\/Logo-temps-danse-05-768x1160.jpg 768w, https:\/\/helisa.fr\/wp-content\/uploads\/2025\/06\/Logo-temps-danse-05.jpg 974w\" sizes=\"(max-width: 678px) 100vw, 678px\" \/>\t\t\t\t\t\t\t\t\t\t\t\t\t\t\t<\/div>\n\t\t\t\t<\/div>\n\t\t\t\t<div class=\"elementor-element elementor-element-b3e3d6a elementor-widget elementor-widget-image\" data-id=\"b3e3d6a\" data-element_type=\"widget\" data-e-type=\"widget\" data-widget_type=\"image.default\">\n\t\t\t\t<div class=\"elementor-widget-container\">\n\t\t\t\t\t\t\t\t\t\t\t\t\t\t\t<img loading=\"lazy\" decoding=\"async\" width=\"1024\" height=\"786\" src=\"https:\/\/helisa.fr\/wp-content\/uploads\/2025\/06\/Logo-temps-danse-07-1024x786.jpg\" class=\"attachment-large size-large wp-image-931\" alt=\"\" srcset=\"https:\/\/helisa.fr\/wp-content\/uploads\/2025\/06\/Logo-temps-danse-07-1024x786.jpg 1024w, https:\/\/helisa.fr\/wp-content\/uploads\/2025\/06\/Logo-temps-danse-07-300x230.jpg 300w, https:\/\/helisa.fr\/wp-content\/uploads\/2025\/06\/Logo-temps-danse-07-768x589.jpg 768w, https:\/\/helisa.fr\/wp-content\/uploads\/2025\/06\/Logo-temps-danse-07.jpg 1049w\" sizes=\"(max-width: 1024px) 100vw, 1024px\" \/>\t\t\t\t\t\t\t\t\t\t\t\t\t\t\t<\/div>\n\t\t\t\t<\/div>\n\t\t\t\t<\/div>\n\t\t\t\t\t<\/div>\n\t\t\t\t<\/div>\n\t\t<div class=\"elementor-element elementor-element-6a07716 e-flex e-con-boxed e-con e-parent\" data-id=\"6a07716\" data-element_type=\"container\" data-e-type=\"container\">\n\t\t\t\t\t<div class=\"e-con-inner\">\n\t\t\t\t<div class=\"elementor-element elementor-element-b85c795 elementor-widget__width-inherit elementor-widget elementor-widget-html\" data-id=\"b85c795\" data-element_type=\"widget\" data-e-type=\"widget\" data-widget_type=\"html.default\">\n\t\t\t\t<div class=\"elementor-widget-container\">\n\t\t\t\t\t<!-- Bloc navigation pleine largeur -->\n<div class=\"nav-fullwidth\">\n  <a href=\"https:\/\/helisa.fr\/index.php\/des-racines-et-des-pelles\/\" class=\"nav-gauche\">\n    &#10094; Pr\u00e9c\u00e9dent\n  <\/a>\n  <a href=\"https:\/\/helisa.fr\/index.php\/rang-doignon\/\" class=\"nav-droite\">\n    Suivant &#10095;\n  <\/a>\n<\/div>\n\n<style>\n@import url('https:\/\/fonts.googleapis.com\/css2?family=Sora:wght@600&display=swap');\n\n.nav-fullwidth {\n  width: 100%;\n  display: flex;\n  justify-content: space-between; \/* gauche et droite *\/\n  align-items: center;\n  padding: 0 20px; \/* espace par rapport aux bords *\/\n  box-sizing: border-box;\n  height: 80px; \/* ajuste selon tes besoins *\/\n  background: rgba(255, 255, 255, 0.1); \/* optionnel : fond transparent *\/\n}\n\n.nav-fullwidth a {\n  font-family: 'Sora', sans-serif;\n  font-size: 18px;\n  text-decoration: none;\n  color: #333;\n  padding: 10px 15px;\n  border-radius: 8px;\n  transition: background 0.3s, color 0.3s;\n}\n\n.nav-fullwidth a:hover {\n  background: #EF346F;\n  color: #fff;\n}\n<\/style>\n\t\t\t\t<\/div>\n\t\t\t\t<\/div>\n\t\t\t\t\t<\/div>\n\t\t\t\t<\/div>\n\t\t\t\t<\/div>\n\t\t","protected":false},"excerpt":{"rendered":"<p>Temps Danse Mise en page Logotype Cr\u00e9ation d\u2019un logo pour une association sp\u00e9cialis\u00e9e dans la danse, le bien \u00eatre et le fitness. D\u00e9clinaison du logo sur divers supports de communication. &#10094; Pr\u00e9c\u00e9dent Suivant &#10095;<\/p>\n","protected":false},"author":1,"featured_media":0,"parent":0,"menu_order":0,"comment_status":"closed","ping_status":"closed","template":"page-templates\/template-pagebuilder-full-width.php","meta":{"neve_meta_sidebar":"","neve_meta_container":"","neve_meta_enable_content_width":"","neve_meta_content_width":0,"neve_meta_title_alignment":"","neve_meta_author_avatar":"","neve_post_elements_order":"","neve_meta_disable_header":"","neve_meta_disable_footer":"","neve_meta_disable_title":"","_themeisle_gutenberg_block_has_review":false,"footnotes":""},"class_list":["post-924","page","type-page","status-publish","hentry"],"_links":{"self":[{"href":"https:\/\/helisa.fr\/index.php\/wp-json\/wp\/v2\/pages\/924","targetHints":{"allow":["GET"]}}],"collection":[{"href":"https:\/\/helisa.fr\/index.php\/wp-json\/wp\/v2\/pages"}],"about":[{"href":"https:\/\/helisa.fr\/index.php\/wp-json\/wp\/v2\/types\/page"}],"author":[{"embeddable":true,"href":"https:\/\/helisa.fr\/index.php\/wp-json\/wp\/v2\/users\/1"}],"replies":[{"embeddable":true,"href":"https:\/\/helisa.fr\/index.php\/wp-json\/wp\/v2\/comments?post=924"}],"version-history":[{"count":22,"href":"https:\/\/helisa.fr\/index.php\/wp-json\/wp\/v2\/pages\/924\/revisions"}],"predecessor-version":[{"id":1220,"href":"https:\/\/helisa.fr\/index.php\/wp-json\/wp\/v2\/pages\/924\/revisions\/1220"}],"wp:attachment":[{"href":"https:\/\/helisa.fr\/index.php\/wp-json\/wp\/v2\/media?parent=924"}],"curies":[{"name":"wp","href":"https:\/\/api.w.org\/{rel}","templated":true}]}}